{"id":136,"date":"2021-02-27T06:27:24","date_gmt":"2021-02-27T06:27:24","guid":{"rendered":"http:\/\/nutricion.uas.edu.mx\/?page_id=136"},"modified":"2021-02-27T06:27:25","modified_gmt":"2021-02-27T06:27:25","slug":"formato-de-solicitudes","status":"publish","type":"page","link":"https:\/\/nutricion.uas.edu.mx\/index.php\/formato-de-solicitudes\/","title":{"rendered":"Formato de Solicitudes"},"content":{"rendered":"\n<ul><li><a rel=\"noreferrer noopener\" href=\"http:\/\/nutricion.uas.edu.mx\/archivos\/1%20Solicitud%20de%20registro%20de%20modalidad%20de%20titulaci%C3%B3n.docx\" target=\"_blank\">Solicitud de registro de modalidad de titulaci\u00f3n.docx<\/a><\/li><li><a rel=\"noreferrer noopener\" href=\"http:\/\/nutricion.uas.edu.mx\/archivos\/2%20Formato%20para%20presentar%20documento%20probatorio%20de%20diplomado.docx\" data-type=\"URL\" data-id=\"http:\/\/nutricion.uas.edu.mx\/archivos\/2%20Formato%20para%20presentar%20documento%20probatorio%20de%20diplomado.docx\" target=\"_blank\">Formato para presentar documento probatorio de diplomado.docx<\/a><\/li><li><a rel=\"noreferrer noopener\" href=\"http:\/\/nutricion.uas.edu.mx\/archivos\/3%20SOLICITUD%20DE%20REVISI%C3%93N%20DE%20TESIS.docx\" target=\"_blank\">SOLICITUD DE REVISI\u00d3N DE TESIS<\/a><\/li><li><a href=\"http:\/\/nutricion.uas.edu.mx\/archivos\/4%20SOLICITUD%20DE%20EXAMEN%20DE%20R%C3%89PLICA.docx\">SOLICITUD DE EXAMEN DE <\/a><a rel=\"noreferrer noopener\" href=\"http:\/\/nutricion.uas.edu.mx\/archivos\/4%20SOLICITUD%20DE%20EXAMEN%20DE%20R%C3%89PLICA.docx\" target=\"_blank\">R\u00c9PLICA<\/a><\/li><li><a rel=\"noreferrer noopener\" href=\"http:\/\/nutricion.uas.edu.mx\/archivos\/Formato%20Asesor%C3%ADa%20Acad%C3%A9mica.doc\" target=\"_blank\">Formato Asesor\u00eda Acad\u00e9mica<\/a><\/li><li><a rel=\"noreferrer noopener\" href=\"http:\/\/nutricion.uas.edu.mx\/archivos\/Formato%20Asesor%C3%ADa%20AP.docx\" target=\"_blank\">Formato Asesor\u00eda AP<\/a><\/li><li><a rel=\"noreferrer noopener\" href=\"http:\/\/nutricion.uas.edu.mx\/archivos\/GUIA%20PARA%20ELBORACION%20DE%20TESIS%20O%20MEMORIA.pdf\" target=\"_blank\">GUIA PARA ELBORACION DE TESIS O MEMORIA<\/a><\/li><li><a href=\"http:\/\/nutricion.uas.edu.mx\/archivos\/GU%C3%8DA%20PARA%20LA%20ELABORACI%C3%93N%20DEL%20PROTOCOLO%20DE%20PROYECTO%20DE%20INVESTIGACI%C3%93N.pdf\" target=\"_blank\" rel=\"noreferrer noopener\">GU\u00cdA PARA LA ELABORACI\u00d3N DEL PROTOCOLO DE PROYECTO DE INVESTIGACI\u00d3N<\/a><\/li><\/ul>\n","protected":false},"excerpt":{"rendered":"<p>Solicitud de registro de modalidad de titulaci\u00f3n.docx Formato para presentar documento probatorio de diplomado.docx SOLICITUD DE REVISI\u00d3N DE TESIS SOLICITUD DE EXAMEN DE R\u00c9PLICA Formato Asesor\u00eda Acad\u00e9mica Formato Asesor\u00eda AP GUIA PARA ELBORACION DE TESIS O MEMORIA GU\u00cdA PARA LA ELABORACI\u00d3N DEL PROTOCOLO DE PROYECTO DE INVESTIGACI\u00d3N<\/p>\n","protected":false},"author":1,"featured_media":0,"parent":0,"menu_order":0,"comment_status":"closed","ping_status":"closed","template":"","meta":[],"_links":{"self":[{"href":"https:\/\/nutricion.uas.edu.mx\/index.php\/wp-json\/wp\/v2\/pages\/136"}],"collection":[{"href":"https:\/\/nutricion.uas.edu.mx\/index.php\/wp-json\/wp\/v2\/pages"}],"about":[{"href":"https:\/\/nutricion.uas.edu.mx\/index.php\/wp-json\/wp\/v2\/types\/page"}],"author":[{"embeddable":true,"href":"https:\/\/nutricion.uas.edu.mx\/index.php\/wp-json\/wp\/v2\/users\/1"}],"replies":[{"embeddable":true,"href":"https:\/\/nutricion.uas.edu.mx\/index.php\/wp-json\/wp\/v2\/comments?post=136"}],"version-history":[{"count":1,"href":"https:\/\/nutricion.uas.edu.mx\/index.php\/wp-json\/wp\/v2\/pages\/136\/revisions"}],"predecessor-version":[{"id":137,"href":"https:\/\/nutricion.uas.edu.mx\/index.php\/wp-json\/wp\/v2\/pages\/136\/revisions\/137"}],"wp:attachment":[{"href":"https:\/\/nutricion.uas.edu.mx\/index.php\/wp-json\/wp\/v2\/media?parent=136"}],"curies":[{"name":"wp","href":"https:\/\/api.w.org\/{rel}","templated":true}]}}