{"id":154,"date":"2021-02-27T06:40:02","date_gmt":"2021-02-27T06:40:02","guid":{"rendered":"http:\/\/nutricion.uas.edu.mx\/?page_id=154"},"modified":"2024-09-13T02:17:09","modified_gmt":"2024-09-13T02:17:09","slug":"directorio","status":"publish","type":"page","link":"https:\/\/nutricion.uas.edu.mx\/index.php\/directorio\/","title":{"rendered":"Directorio"},"content":{"rendered":"\n<p><\/p>\n\n\n\n<ul>\n<li><strong>Direcci\u00f3n<\/strong><br>MC. Daniela Guti\u00e9rrez Amarillas<br><strong>Correo electr\u00f3nico:<\/strong> daniela.gutierrez@uas.edu.mx<br><\/li>\n\n\n\n<li><strong>Secretaria Acad\u00e9mica<\/strong><br>MC. \u00c1ngel Daniel D\u00edaz Sainz<br><strong>Correo electr\u00f3nico: <\/strong><a>secretariaacademica.fcnyg@uas.edu.mx<\/a><\/li>\n<\/ul>\n\n\n\n<ul>\n<li><strong>Secretaria Administrativa<\/strong><br>LG. Gerardo Vergara Suenaga<br><strong>Correo electr\u00f3nico:<\/strong> <a>secretariaadministrativa.fcnyg@uas.edu.mx<\/a><\/li>\n<\/ul>\n\n\n\n<ul>\n<li><strong>Coordinaci\u00f3n de la Licenciatura en Nutrici\u00f3n<\/strong><br>Dra. Jeraldin Picos S\u00e1nchez<br><strong>Correo electr\u00f3nico: <\/strong><a>jefaturanutricionfcnyg@uas.edu.mx<\/a><\/li>\n<\/ul>\n\n\n\n<ul>\n<li><strong>Coordinaci\u00f3n la Licenciatura en Gastronom\u00eda<\/strong><br>LG. Valeria P\u00e9rez C\u00e1rdenas<br><strong>Correo electr\u00f3nico: <\/strong><a>jefaturagastronomiafcnyg@uas.edu.mx<\/a><\/li>\n<\/ul>\n\n\n\n<ul>\n<li><strong>Coordinaci\u00f3n de Posgrado<\/strong><br>Dra. Elisa Mar\u00eda Barr\u00f3n Cabrera<br><strong>Correo electr\u00f3nico: <\/strong><a>posgradofcnyg@uas.edu.mx<\/a><\/li>\n<\/ul>\n\n\n\n<ul>\n<li><strong>Control Escolar<\/strong><br>LAE. Astral Sarabia Espinoza<br><strong>Correo electr\u00f3nico: <\/strong>controlescolar_fcnyg@uas.edu.mx<\/li>\n<\/ul>\n\n\n\n<ul>\n<li><strong>Trayectoria Acad\u00e9mica y Seguimiento de Egresados<\/strong><br>Dra. Alma Hayde\u00e9 Astorga Gaxiola<br><strong>Correo electr\u00f3nico: <\/strong>egresados.fcnyg@uas.edu.mx<\/li>\n<\/ul>\n\n\n\n<ul>\n<li><strong>Cr\u00e9ditos de Libre Elecci\u00f3n<\/strong><br>LN. Alejandro Salazar Ver\u00e1stica<br><strong>Correo electr\u00f3nico: <\/strong>creditosfcnyg@uas.edu.mx<\/li>\n<\/ul>\n\n\n\n<ul>\n<li><strong>Titulaci\u00f3n<\/strong><br>MC. Jes\u00fas Gilberto Ar\u00e1mburo Galvez<br><strong>Correo electr\u00f3nico: <\/strong>titulacionfcnyg@uas.edu.mx<\/li>\n<\/ul>\n\n\n\n<ul>\n<li><strong>Servicio Social y Pr\u00e1cticas Profesionales de Nutrici\u00f3n<\/strong><br><strong>Coordinadora:<\/strong> LN. Ashanti Yanessy Gonz\u00e1lez L\u00f3pez<br><strong>Correo electr\u00f3nico: <a href=\"mailto:serviciosocial.nutricionygastronomia@uas.edu.mx\">serviciosocial.nutricionygastronomia@uas.edu.mx<\/a><\/strong><br><\/li>\n<\/ul>\n\n\n\n<ul>\n<li><strong>Vinculaci\u00f3n y Pr\u00e1cticas Profesionales de Gastronom\u00eda<\/strong><br>LCP. Jorge Eduardo Torres Vergara<br><strong>Correo electr\u00f3nico: <\/strong><a>vinculacionfcnyg@uas.edu.mx<\/a><\/li>\n<\/ul>\n\n\n\n<ul>\n<li><strong>Tutor\u00edas<\/strong><br>MC. Izamar Guadalupe Arredondo Beltr\u00e1n<br><strong>Correo electr\u00f3nico: <a href=\"mailto:pitrt2730@uas.edu.mx\">pitrt2730@uas.edu.mx<\/a><\/strong><\/li>\n<\/ul>\n\n\n\n<ul>\n<li><strong>Educaci\u00f3n Continua y Servicios a la Comunidad<\/strong><br>MC. Aleida Bernal Figueroa<br><strong>Correo electr\u00f3nico: <\/strong><a>educacion.fcnyg@uas.edu.mx<\/a><\/li>\n<\/ul>\n\n\n\n<ul>\n<li><strong>Planeaci\u00f3n Educativa<\/strong><br>MC. Rosa Aida Mart\u00ednez Bustillos<br><strong>Correo electr\u00f3nico: <a href=\"mailto:rmartinez@uas.edu.mx\"><a>planeacioneducativafcnyg@uas.edu.mx<\/a><\/a><\/strong><\/li>\n<\/ul>\n\n\n\n<ul>\n<li><strong>Contabilidad<\/strong><br>LCP. Mar\u00eda Isabel Vergara Jim\u00e9nez<br><strong>Correo electr\u00f3nico: <\/strong><a>contabilidadfcnyg@uas.edu.mx<\/a><\/li>\n<\/ul>\n","protected":false},"excerpt":{"rendered":"","protected":false},"author":1,"featured_media":0,"parent":0,"menu_order":0,"comment_status":"closed","ping_status":"closed","template":"","meta":[],"_links":{"self":[{"href":"https:\/\/nutricion.uas.edu.mx\/index.php\/wp-json\/wp\/v2\/pages\/154"}],"collection":[{"href":"https:\/\/nutricion.uas.edu.mx\/index.php\/wp-json\/wp\/v2\/pages"}],"about":[{"href":"https:\/\/nutricion.uas.edu.mx\/index.php\/wp-json\/wp\/v2\/types\/page"}],"author":[{"embeddable":true,"href":"https:\/\/nutricion.uas.edu.mx\/index.php\/wp-json\/wp\/v2\/users\/1"}],"replies":[{"embeddable":true,"href":"https:\/\/nutricion.uas.edu.mx\/index.php\/wp-json\/wp\/v2\/comments?post=154"}],"version-history":[{"count":10,"href":"https:\/\/nutricion.uas.edu.mx\/index.php\/wp-json\/wp\/v2\/pages\/154\/revisions"}],"predecessor-version":[{"id":707,"href":"https:\/\/nutricion.uas.edu.mx\/index.php\/wp-json\/wp\/v2\/pages\/154\/revisions\/707"}],"wp:attachment":[{"href":"https:\/\/nutricion.uas.edu.mx\/index.php\/wp-json\/wp\/v2\/media?parent=154"}],"curies":[{"name":"wp","href":"https:\/\/api.w.org\/{rel}","templated":true}]}}