{"id":158,"date":"2021-02-27T06:41:13","date_gmt":"2021-02-27T06:41:13","guid":{"rendered":"http:\/\/nutricion.uas.edu.mx\/?page_id=158"},"modified":"2022-06-16T19:41:00","modified_gmt":"2022-06-16T19:41:00","slug":"normatividad","status":"publish","type":"page","link":"https:\/\/nutricion.uas.edu.mx\/index.php\/normatividad\/","title":{"rendered":"Normatividad"},"content":{"rendered":"\n<p>REGLAMENTOS GENERALES:<br><a rel=\"noreferrer noopener\" href=\"http:\/\/nutricion.uas.edu.mx\/\/wp-content\/uploads\/2021\/06\/1.-Reglamento-Estudiantil-Institucional-UAS.pdf\" target=\"_blank\">\u2022 Reglamento Estudiantil Institucional UAS<\/a><br><a rel=\"noreferrer noopener\" href=\"http:\/\/nutricion.uas.edu.mx\/\/wp-content\/uploads\/2021\/06\/2.-Reglamento-Estudiantil-Interno-FCNyG.pdf\" target=\"_blank\">\u2022 Reglamento Estudiantil Interno -FCNyG<br><\/a><a rel=\"noreferrer noopener\" href=\"http:\/\/nutricion.uas.edu.mx\/\/wp-content\/uploads\/2021\/06\/3.-Reglamento-de-Practicas-Profesionales-UAS.pdf\" target=\"_blank\">\u2022 Reglamento de Pr\u00e1cticas Profesionales Institucional UAS<br><\/a><a rel=\"noreferrer noopener\" href=\"http:\/\/nutricion.uas.edu.mx\/\/wp-content\/uploads\/2021\/06\/6.-Reglamento-de-Servicio-Social-UAS.pdf\" target=\"_blank\">\u2022 Reglamento de Servicio social UAS<br><\/a><a rel=\"noreferrer noopener\" href=\"http:\/\/nutricion.uas.edu.mx\/\/wp-content\/uploads\/2021\/06\/7.-Reglamento-de-Asesores-Par-FCNyG.pdf\" target=\"_blank\">\u2022 Reglamento de Asesores Par -FCNyG<br><\/a><a rel=\"noreferrer noopener\" href=\"http:\/\/nutricion.uas.edu.mx\/\/wp-content\/uploads\/2021\/06\/8.-Reglamento-de-Biblioteca-Escolar-FCNyG.pdf\" target=\"_blank\">\u2022 Reglamento de Biblioteca Escolar -FCNyG<br><\/a><a rel=\"noreferrer noopener\" href=\"http:\/\/nutricion.uas.edu.mx\/\/wp-content\/uploads\/2021\/06\/9.-Reglamento-de-Centro-de-Computo-FCNyG.pdf\" target=\"_blank\">\u2022 Reglamento de Centro de C\u00f3mputo -FCNyG<\/a><br><a href=\"http:\/\/nutricion.uas.edu.mx\/\/wp-content\/uploads\/2021\/06\/4.-Reglamento-de-Practicas-Profesionales-Lic.-en-Gastronomia-FCNyG.pdf\" target=\"_blank\" rel=\"noreferrer noopener\">Reglamento de Pr\u00e1cticas Profesionales Lic. en Gastronom\u00eda- FCNyG<br><\/a><a href=\"http:\/\/nutricion.uas.edu.mx\/\/wp-content\/uploads\/2021\/06\/5.-Reglamento-de-Practicas-Profesionales-Lic.-en-Nutricion-FCNyG.pdf\" target=\"_blank\" rel=\"noreferrer noopener\">Reglamento de Pr\u00e1cticas Profesionales Lic. en Nutrici\u00f3n- FCNyG<\/a><\/p>\n\n\n\n<p><a rel=\"noreferrer noopener\" href=\"http:\/\/nutricion.uas.edu.mx\/\/wp-content\/uploads\/2021\/06\/9.-Reglamento-de-Centro-de-Computo-FCNyG.pdf\" target=\"_blank\"><br><\/a><\/p>\n\n\n\n<p>REGLAMENTOS DE LABORATORIOS:<br><a rel=\"noreferrer noopener\" href=\"http:\/\/nutricion.uas.edu.mx\/\/wp-content\/uploads\/2021\/06\/11.-Reglamento-Laboratorio-de-Cocina.pdf\" target=\"_blank\">\u2022 Reglamento de Laboratorios de Cocina<br><\/a><a rel=\"noreferrer noopener\" href=\"http:\/\/nutricion.uas.edu.mx\/\/wp-content\/uploads\/2021\/06\/12.-Reglamento-de-Laboratorios-de-Ensenanza.pdf\" target=\"_blank\">\u2022 Reglamento de Laboratorios de Ense\u00f1anza<br><\/a><a rel=\"noreferrer noopener\" href=\"http:\/\/nutricion.uas.edu.mx\/\/wp-content\/uploads\/2022\/06\/Reglamento-de-Laboratorio-de-Evaluacion-Nutricional.pdf\" data-type=\"URL\" data-id=\"http:\/\/nutricion.uas.edu.mx\/\/wp-content\/uploads\/2022\/06\/Reglamento-de-Laboratorio-de-Evaluacion-Nutricional.pdf\" target=\"_blank\">\u2022 Laboratorio de Evaluaci\u00f3n Nutricional<\/a><br><a rel=\"noreferrer noopener\" href=\"http:\/\/nutricion.uas.edu.mx\/\/wp-content\/uploads\/2021\/06\/14.-Reglamento-de-Laboratorio-de-Dietologia.pdf\" target=\"_blank\">\u2022 Reglamento de Laboratorio de Dietolog\u00eda<\/a><\/p>\n","protected":false},"excerpt":{"rendered":"<p>REGLAMENTOS GENERALES:\u2022 Reglamento Estudiantil Institucional UAS\u2022 Reglamento Estudiantil Interno -FCNyG\u2022 Reglamento de Pr\u00e1cticas Profesionales Institucional UAS\u2022 Reglamento de Servicio social UAS\u2022 Reglamento de Asesores Par -FCNyG\u2022 Reglamento de Biblioteca Escolar -FCNyG\u2022 Reglamento de Centro de C\u00f3mputo -FCNyGReglamento de Pr\u00e1cticas Profesionales Lic. en Gastronom\u00eda- FCNyGReglamento de Pr\u00e1cticas Profesionales Lic. en Nutrici\u00f3n- FCNyG REGLAMENTOS DE LABORATORIOS:\u2022 Reglamento &hellip; <a href=\"https:\/\/nutricion.uas.edu.mx\/index.php\/normatividad\/\">Seguir leyendo <span class=\"meta-nav\">&rarr;<\/span><\/a><\/p>\n","protected":false},"author":1,"featured_media":0,"parent":0,"menu_order":0,"comment_status":"closed","ping_status":"closed","template":"","meta":[],"_links":{"self":[{"href":"https:\/\/nutricion.uas.edu.mx\/index.php\/wp-json\/wp\/v2\/pages\/158"}],"collection":[{"href":"https:\/\/nutricion.uas.edu.mx\/index.php\/wp-json\/wp\/v2\/pages"}],"about":[{"href":"https:\/\/nutricion.uas.edu.mx\/index.php\/wp-json\/wp\/v2\/types\/page"}],"author":[{"embeddable":true,"href":"https:\/\/nutricion.uas.edu.mx\/index.php\/wp-json\/wp\/v2\/users\/1"}],"replies":[{"embeddable":true,"href":"https:\/\/nutricion.uas.edu.mx\/index.php\/wp-json\/wp\/v2\/comments?post=158"}],"version-history":[{"count":4,"href":"https:\/\/nutricion.uas.edu.mx\/index.php\/wp-json\/wp\/v2\/pages\/158\/revisions"}],"predecessor-version":[{"id":630,"href":"https:\/\/nutricion.uas.edu.mx\/index.php\/wp-json\/wp\/v2\/pages\/158\/revisions\/630"}],"wp:attachment":[{"href":"https:\/\/nutricion.uas.edu.mx\/index.php\/wp-json\/wp\/v2\/media?parent=158"}],"curies":[{"name":"wp","href":"https:\/\/api.w.org\/{rel}","templated":true}]}}