{"id":176,"date":"2021-02-27T16:52:15","date_gmt":"2021-02-27T16:52:15","guid":{"rendered":"http:\/\/nutricion.uas.edu.mx\/?page_id=176"},"modified":"2021-02-27T16:56:18","modified_gmt":"2021-02-27T16:56:18","slug":"practicas-profesionales","status":"publish","type":"page","link":"https:\/\/nutricion.uas.edu.mx\/index.php\/practicas-profesionales\/","title":{"rendered":"Practicas Profesionales"},"content":{"rendered":"\n<h3 class=\"wp-block-heading\">Nutrici\u00f3n<\/h3>\n\n\n\n<ul><li><a rel=\"noreferrer noopener\" href=\"http:\/\/nutricion.uas.edu.mx\/archivos\/practicas\/nutricion\/CCP_Carta_Compromiso%20de%20Pr%C3%A1cticas_Nutrici%C3%B3n.docx\" target=\"_blank\">CCP_Carta_Compromiso de Pr\u00e1cticas_Nutrici\u00f3n<\/a><\/li><li><a rel=\"noreferrer noopener\" href=\"http:\/\/nutricion.uas.edu.mx\/archivos\/practicas\/nutricion\/FCA-Carta_de_Aceptacion.doc\" target=\"_blank\">FCA-Carta_de_Aceptacion<\/a><\/li><li><a rel=\"noreferrer noopener\" href=\"http:\/\/nutricion.uas.edu.mx\/archivos\/practicas\/nutricion\/FCCE_Formato_Carta_Culminaci%C3%B3n_Estancia.docx\" target=\"_blank\">FCCE_Formato_Carta_Culminaci\u00f3n_Estancia<\/a><\/li><li><a rel=\"noreferrer noopener\" href=\"http:\/\/nutricion.uas.edu.mx\/archivos\/practicas\/nutricion\/FPT-PP_Plan_Trabajo.docx\" target=\"_blank\">FPT-PP_Plan_Trabajo<\/a><\/li><li><a rel=\"noreferrer noopener\" href=\"http:\/\/nutricion.uas.edu.mx\/archivos\/practicas\/nutricion\/FR-UR_Registro_Unidades_Receptoras.docx\" target=\"_blank\">FR-UR_Registro_Unidades_Receptoras<\/a><\/li><li><a rel=\"noreferrer noopener\" href=\"http:\/\/nutricion.uas.edu.mx\/archivos\/practicas\/nutricion\/FTF_Formato_para_Trabajo_Final.docx\" target=\"_blank\">FTF_Formato_para_Trabajo_Final<\/a><\/li><li><a href=\"http:\/\/nutricion.uas.edu.mx\/archivos\/practicas\/nutricion\/IMP_Informes_Mensuales_de_Practicas.docx\" target=\"_blank\" rel=\"noreferrer noopener\">IMP_Informes_Mensuales_de_Practicas<\/a><\/li><\/ul>\n\n\n\n<h3 class=\"wp-block-heading\">Gastronom\u00eda<\/h3>\n\n\n\n<ul><li><a rel=\"noreferrer noopener\" href=\"http:\/\/nutricion.uas.edu.mx\/archivos\/practicas\/gastronomia\/FCA-Carta_de_Aceptacion.doc\" target=\"_blank\">FCA-Carta_de_Aceptacion<\/a><\/li><li><a rel=\"noreferrer noopener\" href=\"http:\/\/nutricion.uas.edu.mx\/archivos\/practicas\/gastronomia\/FCCE_Formato_Carta_Culminaci%C3%B3n_Estancia.docx\" target=\"_blank\">FCCE_Formato_Carta_Culminaci\u00f3n_Estancia<\/a><\/li><li><a rel=\"noreferrer noopener\" href=\"http:\/\/nutricion.uas.edu.mx\/archivos\/practicas\/gastronomia\/FPT-PP_Plan_Trabajo.docx\" target=\"_blank\">FPT-PP_Plan_Trabajo<\/a><\/li><li><a rel=\"noreferrer noopener\" href=\"http:\/\/nutricion.uas.edu.mx\/archivos\/practicas\/gastronomia\/FR-P_Registro_Practicante.docx\" data-type=\"URL\" data-id=\"http:\/\/nutricion.uas.edu.mx\/archivos\/practicas\/gastronomia\/FR-P_Registro_Practicante.docx\" target=\"_blank\">FR-P_Registro_Practicante<\/a><\/li><li><a href=\"http:\/\/nutricion.uas.edu.mx\/archivos\/practicas\/gastronomia\/IMP_Informes_Mensuales_de_Practicas.docx\" target=\"_blank\" rel=\"noreferrer noopener\">IMP_Informes_Mensuales_de_Practicas<\/a><\/li><\/ul>\n","protected":false},"excerpt":{"rendered":"<p>Nutrici\u00f3n CCP_Carta_Compromiso de Pr\u00e1cticas_Nutrici\u00f3n FCA-Carta_de_Aceptacion FCCE_Formato_Carta_Culminaci\u00f3n_Estancia FPT-PP_Plan_Trabajo FR-UR_Registro_Unidades_Receptoras FTF_Formato_para_Trabajo_Final IMP_Informes_Mensuales_de_Practicas Gastronom\u00eda FCA-Carta_de_Aceptacion FCCE_Formato_Carta_Culminaci\u00f3n_Estancia FPT-PP_Plan_Trabajo FR-P_Registro_Practicante IMP_Informes_Mensuales_de_Practicas<\/p>\n","protected":false},"author":1,"featured_media":0,"parent":0,"menu_order":0,"comment_status":"closed","ping_status":"closed","template":"","meta":[],"_links":{"self":[{"href":"https:\/\/nutricion.uas.edu.mx\/index.php\/wp-json\/wp\/v2\/pages\/176"}],"collection":[{"href":"https:\/\/nutricion.uas.edu.mx\/index.php\/wp-json\/wp\/v2\/pages"}],"about":[{"href":"https:\/\/nutricion.uas.edu.mx\/index.php\/wp-json\/wp\/v2\/types\/page"}],"author":[{"embeddable":true,"href":"https:\/\/nutricion.uas.edu.mx\/index.php\/wp-json\/wp\/v2\/users\/1"}],"replies":[{"embeddable":true,"href":"https:\/\/nutricion.uas.edu.mx\/index.php\/wp-json\/wp\/v2\/comments?post=176"}],"version-history":[{"count":3,"href":"https:\/\/nutricion.uas.edu.mx\/index.php\/wp-json\/wp\/v2\/pages\/176\/revisions"}],"predecessor-version":[{"id":181,"href":"https:\/\/nutricion.uas.edu.mx\/index.php\/wp-json\/wp\/v2\/pages\/176\/revisions\/181"}],"wp:attachment":[{"href":"https:\/\/nutricion.uas.edu.mx\/index.php\/wp-json\/wp\/v2\/media?parent=176"}],"curies":[{"name":"wp","href":"https:\/\/api.w.org\/{rel}","templated":true}]}}