{"id":193,"date":"2021-02-27T17:02:51","date_gmt":"2021-02-27T17:02:51","guid":{"rendered":"http:\/\/nutricion.uas.edu.mx\/?page_id=193"},"modified":"2021-09-13T01:46:55","modified_gmt":"2021-09-13T01:46:55","slug":"creditos-de-libre-eleccion","status":"publish","type":"page","link":"https:\/\/nutricion.uas.edu.mx\/index.php\/creditos-de-libre-eleccion\/","title":{"rendered":"Cr\u00e9ditos de Libre Elecci\u00f3n"},"content":{"rendered":"\n<p><strong>\u00bfQu\u00e9 son los cr\u00e9ditos de actividades de libre elecci\u00f3n?<\/strong><\/p>\n\n\n\n<p>&nbsp;Son cr\u00e9ditos otorgados por la realizaci\u00f3n de actividades extracurriculares que complementan el desarrollo profesional y de formaci\u00f3n integral.<\/p>\n\n\n\n<p>Estos cr\u00e9ditos forman parte de la normativa de la Universidad Aut\u00f3noma de Sinaloa, aplican para todos los alumnos de nivel licenciatura en todos sus programas de estudio.&nbsp;<\/p>\n\n\n\n<p>En la licenciatura que estas cursando es necesario que cubras&nbsp;&nbsp;<strong>20 CR\u00c9DITOS<\/strong><strong>&nbsp;<\/strong>que se deber\u00e1n cumplir a lo largo de los&nbsp;&nbsp;&nbsp;<strong>8 semestres&nbsp;<\/strong>que comprende&nbsp; el plan curricular de tu programa educativo.<\/p>\n\n\n\n<p>Los cr\u00e9ditos de actividades de libre elecci\u00f3n est\u00e1n divididos en tres \u00e1reas, que cubrir\u00e1s en diferentes porcentajes. Las \u00e1reas son las siguientes:<\/p>\n\n\n\n<ul><li>1.&nbsp;Socio-Culturales (25%= 5 cr\u00e9ditos)<\/li><li>2.&nbsp;Acad\u00e9mico\u2013 Cient\u00edficas (50%= 10 cr\u00e9ditos)<\/li><li>3.&nbsp;Actividad f\u00edsica y deporte (25%= 5 cr\u00e9ditos)<\/li><li><strong>ACTIVIDADES SOCIO-CULTURALES (25% = 5 Cr\u00e9ditos)<\/strong>&nbsp;<\/li><\/ul>\n\n\n\n<figure class=\"wp-block-table\"><table><tbody><tr><td><strong>Actividad<\/strong><\/td><td><strong>Cr\u00e9ditos<\/strong><\/td><\/tr><tr><td>Promoci\u00f3n y difusi\u00f3n de valores mediante teatro, gui\u00f1ol, canto, m\u00fasica, danza, pintura (por presentaci\u00f3n)<\/td><td>2<\/td><\/tr><tr><td>Participar como jefe (a) de grupo (por a\u00f1o)<\/td><td>2<\/td><\/tr><tr><td>Participaci\u00f3n en actividades de promoci\u00f3n sobre equidad de g\u00e9nero (por actividad)<\/td><td>2<\/td><\/tr><tr><td>Participaci\u00f3n en actividades del cuidado y&nbsp; promoci\u00f3n del medio ambiente (por evento)<\/td><td>2<\/td><\/tr><tr><td>Participaci\u00f3n y\/u organizador de actividades culturales<\/td><td>2<\/td><\/tr><tr><td>Participaci\u00f3n en brigadas para poblaci\u00f3n vulnerable<\/td><td>2<\/td><\/tr><tr><td>Participaci\u00f3n en brigadas civil de desastres naturales<\/td><td>3<\/td><\/tr><tr><td>Consejero t\u00e9cnico o universitario (por periodo)<\/td><td>3<\/td><\/tr><tr><td>Aprender a tocar un instrumento musical&nbsp;<\/td><td>2<\/td><\/tr><\/tbody><\/table><\/figure>\n\n\n\n<ul><li><strong>ACTIVIDADES ACAD\u00c9MICO\u2013 CIENT\u00cdFICAS&nbsp;(50%= 10 cr\u00e9ditos)<\/strong>&nbsp;<\/li><\/ul>\n\n\n\n<figure class=\"wp-block-table\"><table><tbody><tr><td><strong>Actividad<\/strong><\/td><td><strong>Cr\u00e9ditos<\/strong><\/td><\/tr><tr><td>Asistencia a eventos acad\u00e9micos como conferencias y paneles organizados por la facultad (3 eventos)<\/td><td>1<\/td><\/tr><tr><td>Asistencia a Congresos, seminarios &nbsp;autorizados por la facultad, siguiendo los lineamientos existentes&nbsp;<\/td><td>3<\/td><\/tr><tr><td>Cursos sobre temas emergentes de la profesi\u00f3n (m\u00ednimo 32 horas)<\/td><td>2<\/td><\/tr><tr><td>Presentaci\u00f3n de trabajos en congresos&nbsp; nacionales<\/td><td>2<\/td><\/tr><tr><td>Presentaci\u00f3n de trabajos en congresos internacionales<\/td><td>3<\/td><\/tr><tr><td>Participaci\u00f3n en proyectos de emprendedores (convocatorias formales)<\/td><td>3<\/td><\/tr><tr><td>Participaci\u00f3n en la organizaci\u00f3n jornadas&nbsp; acad\u00e9micas (congresos, cursos, talleres, etc)<\/td><td>2<\/td><\/tr><tr><td>Asistencia a verano de investigaci\u00f3n cient\u00edfica internacional<\/td><td>7<\/td><\/tr><tr><td>Participaci\u00f3n en verano (DELFIN \u00f3 Academia&nbsp; Mexicana de Ciencias)<\/td><td>5<\/td><\/tr><tr><td>Estancia acad\u00e9mica corta en el pa\u00eds (m\u00ednimo 1 semana)<\/td><td>3<\/td><\/tr><tr><td>Estancia acad\u00e9mica corta en el extranjero (m\u00ednimo 1 semana)<\/td><td>5<\/td><\/tr><tr><td>Participar como Asesor Par activo (por&nbsp; semestre)<\/td><td>5<\/td><\/tr><tr><td>Colaboraci\u00f3n con los docentes en publicaciones cient\u00edfico acad\u00e9micas<\/td><td>7<\/td><\/tr><tr><td>Viajes de estudios especializado, autorizado por la facultad<\/td><td>2<\/td><\/tr><tr><td>Colaborar con docentes en proyectos de investigaci\u00f3n, avalados por la instancia correspondiente<\/td><td>5<\/td><\/tr><\/tbody><\/table><\/figure>\n\n\n\n<ul><li><strong>ACTIVIDAD F\u00cdSICA Y DEPORTIVA (25%= 5 cr\u00e9ditos)<\/strong>&nbsp;<\/li><\/ul>\n\n\n\n<figure class=\"wp-block-table\"><table><tbody><tr><td><strong>Actividad<\/strong><\/td><td><strong>Cr\u00e9ditos<\/strong><\/td><\/tr><tr><td>Participaci\u00f3n en ligas y torneos deportivos intramuros<\/td><td>2<\/td><\/tr><tr><td>Participaci\u00f3n en competencias locales, de car\u00e1cter deportivo<\/td><td>2<\/td><\/tr><tr><td>Participaci\u00f3n en competencias nacionales de car\u00e1cter deportivo<\/td><td>2<\/td><\/tr><tr><td>Participaci\u00f3n en competencias internacionales de car\u00e1cter deportivo<\/td><td>2<\/td><\/tr><tr><td>Participaci\u00f3n y\/u organizador de actividades deportivas<\/td><td>2<\/td><\/tr><\/tbody><\/table><\/figure>\n","protected":false},"excerpt":{"rendered":"<p>\u00bfQu\u00e9 son los cr\u00e9ditos de actividades de libre elecci\u00f3n? &nbsp;Son cr\u00e9ditos otorgados por la realizaci\u00f3n de actividades extracurriculares que complementan el desarrollo profesional y de formaci\u00f3n integral. Estos cr\u00e9ditos forman parte de la normativa de la Universidad Aut\u00f3noma de Sinaloa, aplican para todos los alumnos de nivel licenciatura en todos sus programas de estudio.&nbsp; En &hellip; <a href=\"https:\/\/nutricion.uas.edu.mx\/index.php\/creditos-de-libre-eleccion\/\">Seguir leyendo <span class=\"meta-nav\">&rarr;<\/span><\/a><\/p>\n","protected":false},"author":1,"featured_media":0,"parent":0,"menu_order":0,"comment_status":"closed","ping_status":"closed","template":"","meta":[],"_links":{"self":[{"href":"https:\/\/nutricion.uas.edu.mx\/index.php\/wp-json\/wp\/v2\/pages\/193"}],"collection":[{"href":"https:\/\/nutricion.uas.edu.mx\/index.php\/wp-json\/wp\/v2\/pages"}],"about":[{"href":"https:\/\/nutricion.uas.edu.mx\/index.php\/wp-json\/wp\/v2\/types\/page"}],"author":[{"embeddable":true,"href":"https:\/\/nutricion.uas.edu.mx\/index.php\/wp-json\/wp\/v2\/users\/1"}],"replies":[{"embeddable":true,"href":"https:\/\/nutricion.uas.edu.mx\/index.php\/wp-json\/wp\/v2\/comments?post=193"}],"version-history":[{"count":2,"href":"https:\/\/nutricion.uas.edu.mx\/index.php\/wp-json\/wp\/v2\/pages\/193\/revisions"}],"predecessor-version":[{"id":498,"href":"https:\/\/nutricion.uas.edu.mx\/index.php\/wp-json\/wp\/v2\/pages\/193\/revisions\/498"}],"wp:attachment":[{"href":"https:\/\/nutricion.uas.edu.mx\/index.php\/wp-json\/wp\/v2\/media?parent=193"}],"curies":[{"name":"wp","href":"https:\/\/api.w.org\/{rel}","templated":true}]}}