{"id":340,"date":"2021-04-30T15:56:56","date_gmt":"2021-04-30T15:56:56","guid":{"rendered":"http:\/\/nutricion.uas.edu.mx\/?page_id=340"},"modified":"2021-04-30T15:56:57","modified_gmt":"2021-04-30T15:56:57","slug":"mision-y-vision-de-la-facultad-de-ciencias-de-la-nutricion-y-gastronomia","status":"publish","type":"page","link":"https:\/\/nutricion.uas.edu.mx\/index.php\/mision-y-vision-de-la-facultad-de-ciencias-de-la-nutricion-y-gastronomia\/","title":{"rendered":"Misi\u00f3n y Visi\u00f3n de la Facultad de Ciencias de la Nutrici\u00f3n y Gastronom\u00eda."},"content":{"rendered":"\n<p><strong>Misi\u00f3n: <\/strong>Formar profesionistas integrales y competitivos a trav\u00e9s del mejoramiento continuo del proceso educativo, investigaci\u00f3n, vinculaci\u00f3n y docencia especializada, para coadyuvar de manera multidisciplinaria en la soluci\u00f3n de la problem\u00e1tica social.<\/p>\n\n\n\n<p><strong>Visi\u00f3n: <\/strong>Ser una Facultad con programas educativos formadores de profesionistas de la Nutrici\u00f3n y Gastronom\u00eda reconocidos nacional e internacionalmente, que genere conocimiento y ofrezca servicios, que en conjunto contribuyan a la soluci\u00f3n de la problem\u00e1tica nutricional y gastron\u00f3mica, en un marco de alta calidad y sentido \u00e9tico.<\/p>\n","protected":false},"excerpt":{"rendered":"<p>Misi\u00f3n: Formar profesionistas integrales y competitivos a trav\u00e9s del mejoramiento continuo del proceso educativo, investigaci\u00f3n, vinculaci\u00f3n y docencia especializada, para coadyuvar de manera multidisciplinaria en la soluci\u00f3n de la problem\u00e1tica social. Visi\u00f3n: Ser una Facultad con programas educativos formadores de profesionistas de la Nutrici\u00f3n y Gastronom\u00eda reconocidos nacional e internacionalmente, que genere conocimiento y ofrezca &hellip; <a href=\"https:\/\/nutricion.uas.edu.mx\/index.php\/mision-y-vision-de-la-facultad-de-ciencias-de-la-nutricion-y-gastronomia\/\">Seguir leyendo <span class=\"meta-nav\">&rarr;<\/span><\/a><\/p>\n","protected":false},"author":1,"featured_media":0,"parent":0,"menu_order":0,"comment_status":"closed","ping_status":"closed","template":"","meta":[],"_links":{"self":[{"href":"https:\/\/nutricion.uas.edu.mx\/index.php\/wp-json\/wp\/v2\/pages\/340"}],"collection":[{"href":"https:\/\/nutricion.uas.edu.mx\/index.php\/wp-json\/wp\/v2\/pages"}],"about":[{"href":"https:\/\/nutricion.uas.edu.mx\/index.php\/wp-json\/wp\/v2\/types\/page"}],"author":[{"embeddable":true,"href":"https:\/\/nutricion.uas.edu.mx\/index.php\/wp-json\/wp\/v2\/users\/1"}],"replies":[{"embeddable":true,"href":"https:\/\/nutricion.uas.edu.mx\/index.php\/wp-json\/wp\/v2\/comments?post=340"}],"version-history":[{"count":1,"href":"https:\/\/nutricion.uas.edu.mx\/index.php\/wp-json\/wp\/v2\/pages\/340\/revisions"}],"predecessor-version":[{"id":341,"href":"https:\/\/nutricion.uas.edu.mx\/index.php\/wp-json\/wp\/v2\/pages\/340\/revisions\/341"}],"wp:attachment":[{"href":"https:\/\/nutricion.uas.edu.mx\/index.php\/wp-json\/wp\/v2\/media?parent=340"}],"curies":[{"name":"wp","href":"https:\/\/api.w.org\/{rel}","templated":true}]}}