{"id":344,"date":"2021-04-30T16:01:03","date_gmt":"2021-04-30T16:01:03","guid":{"rendered":"http:\/\/nutricion.uas.edu.mx\/?page_id=344"},"modified":"2021-04-30T16:01:11","modified_gmt":"2021-04-30T16:01:11","slug":"mision-y-vision","status":"publish","type":"page","link":"https:\/\/nutricion.uas.edu.mx\/index.php\/mision-y-vision\/","title":{"rendered":"Misi\u00f3n y Visi\u00f3n"},"content":{"rendered":"\n<p><strong>Misi\u00f3n:\u00a0 <\/strong>Formar profesionistas de la gastronom\u00eda competentes a nivel nacional e internacional a trav\u00e9s del mejoramiento continuo del modelo educativo con investigaci\u00f3n, vinculaci\u00f3n y actualizaci\u00f3n, capaces de contribuir al desarrollo econ\u00f3mico, social y cultural a trav\u00e9s de la generaci\u00f3n de empresas, administraci\u00f3n de servicios e innovaci\u00f3n de productos, con un alto sentido \u00e9tico y con responsabilidad social.<\/p>\n\n\n\n<p><strong>Visi\u00f3n: <\/strong>Ser un programa educativo con reconocimiento nacional e internacional, formador de profesionistas de la gastronom\u00eda, que aplican de manera eficaz y eficiente sus conocimientos y habilidades, participando en la generaci\u00f3n del conocimiento, empresas y prestaci\u00f3n de servicios para contribuir al impulso y desarrollo gastron\u00f3mico.<\/p>\n","protected":false},"excerpt":{"rendered":"<p>Misi\u00f3n:\u00a0 Formar profesionistas de la gastronom\u00eda competentes a nivel nacional e internacional a trav\u00e9s del mejoramiento continuo del modelo educativo con investigaci\u00f3n, vinculaci\u00f3n y actualizaci\u00f3n, capaces de contribuir al desarrollo econ\u00f3mico, social y cultural a trav\u00e9s de la generaci\u00f3n de empresas, administraci\u00f3n de servicios e innovaci\u00f3n de productos, con un alto sentido \u00e9tico y con &hellip; <a href=\"https:\/\/nutricion.uas.edu.mx\/index.php\/mision-y-vision\/\">Seguir leyendo <span class=\"meta-nav\">&rarr;<\/span><\/a><\/p>\n","protected":false},"author":1,"featured_media":0,"parent":0,"menu_order":0,"comment_status":"closed","ping_status":"closed","template":"","meta":[],"_links":{"self":[{"href":"https:\/\/nutricion.uas.edu.mx\/index.php\/wp-json\/wp\/v2\/pages\/344"}],"collection":[{"href":"https:\/\/nutricion.uas.edu.mx\/index.php\/wp-json\/wp\/v2\/pages"}],"about":[{"href":"https:\/\/nutricion.uas.edu.mx\/index.php\/wp-json\/wp\/v2\/types\/page"}],"author":[{"embeddable":true,"href":"https:\/\/nutricion.uas.edu.mx\/index.php\/wp-json\/wp\/v2\/users\/1"}],"replies":[{"embeddable":true,"href":"https:\/\/nutricion.uas.edu.mx\/index.php\/wp-json\/wp\/v2\/comments?post=344"}],"version-history":[{"count":1,"href":"https:\/\/nutricion.uas.edu.mx\/index.php\/wp-json\/wp\/v2\/pages\/344\/revisions"}],"predecessor-version":[{"id":345,"href":"https:\/\/nutricion.uas.edu.mx\/index.php\/wp-json\/wp\/v2\/pages\/344\/revisions\/345"}],"wp:attachment":[{"href":"https:\/\/nutricion.uas.edu.mx\/index.php\/wp-json\/wp\/v2\/media?parent=344"}],"curies":[{"name":"wp","href":"https:\/\/api.w.org\/{rel}","templated":true}]}}