{"id":39,"date":"2021-02-26T23:45:50","date_gmt":"2021-02-26T23:45:50","guid":{"rendered":"http:\/\/nutricion.uas.edu.mx\/?page_id=39"},"modified":"2022-06-16T19:39:18","modified_gmt":"2022-06-16T19:39:18","slug":"programa-de-estudios-nutricion","status":"publish","type":"page","link":"https:\/\/nutricion.uas.edu.mx\/index.php\/programa-de-estudios-nutricion\/","title":{"rendered":"Programa de estudios (Nutrici\u00f3n)"},"content":{"rendered":"\n<p><strong>Primer Semestre<\/strong><br><a href=\"http:\/\/nutricion.uas.edu.mx\/\/wp-content\/uploads\/2022\/06\/PE-Nutricion-Basica.pdf\" data-type=\"URL\" data-id=\"http:\/\/nutricion.uas.edu.mx\/\/wp-content\/uploads\/2022\/06\/PE-Nutricion-Basica.pdf\" target=\"_blank\" rel=\"noreferrer noopener\">Nutrici\u00f3n B\u00e1sica<br><\/a><a href=\"http:\/\/nutricion.uas.edu.mx\/\/wp-content\/uploads\/2022\/06\/PE-Anatomia-y-Fisiologia-I.pdf\" data-type=\"URL\" data-id=\"http:\/\/nutricion.uas.edu.mx\/\/wp-content\/uploads\/2022\/06\/PE-Anatomia-y-Fisiologia-I.pdf\" target=\"_blank\" rel=\"noreferrer noopener\">Anatom\u00eda y Fisiolog\u00eda <\/a>I<br><a href=\"http:\/\/nutricion.uas.edu.mx\/\/wp-content\/uploads\/2022\/06\/PE-Quimica.pdf\" data-type=\"URL\" data-id=\"http:\/\/nutricion.uas.edu.mx\/\/wp-content\/uploads\/2022\/06\/PE-Quimica.pdf\" target=\"_blank\" rel=\"noreferrer noopener\">Qu\u00edmica<br><\/a><a href=\"http:\/\/nutricion.uas.edu.mx\/\/wp-content\/uploads\/2022\/06\/PE-Comprension-y-produccion-de-Textos-Academicos.pdf\" data-type=\"URL\" data-id=\"http:\/\/nutricion.uas.edu.mx\/\/wp-content\/uploads\/2022\/06\/PE-Comprension-y-produccion-de-Textos-Academicos.pdf\" target=\"_blank\" rel=\"noreferrer noopener\">Comprensi\u00f3n y Producci\u00f3n de Textos Acad\u00e9micos<\/a><br><a href=\"http:\/\/nutricion.uas.edu.mx\/\/wp-content\/uploads\/2022\/06\/PE-Tecnologias-Emergentes-para-el-Aprendizaje.pdf\" data-type=\"URL\" data-id=\"http:\/\/nutricion.uas.edu.mx\/\/wp-content\/uploads\/2022\/06\/PE-Tecnologias-Emergentes-para-el-Aprendizaje.pdf\" target=\"_blank\" rel=\"noreferrer noopener\">Tecnolog\u00edas Emergentes para el Aprendizaje<\/a><br><a href=\"http:\/\/nutricion.uas.edu.mx\/\/wp-content\/uploads\/2022\/06\/PE-Pensamiento-Critico-Solucion-de-Problemas-y-Trabajo-en-Equipo.pdf\" data-type=\"URL\" data-id=\"http:\/\/nutricion.uas.edu.mx\/\/wp-content\/uploads\/2022\/06\/PE-Pensamiento-Critico-Solucion-de-Problemas-y-Trabajo-en-Equipo.pdf\" target=\"_blank\" rel=\"noreferrer noopener\">Pensamiento Cr\u00edtico, Soluci\u00f3n de Problemas y Trabajo en Equipo<br><\/a><a href=\"http:\/\/nutricion.uas.edu.mx\/\/wp-content\/uploads\/2022\/06\/PE.-Ingles-Tecnico-I.pdf\" data-type=\"URL\" data-id=\"http:\/\/nutricion.uas.edu.mx\/\/wp-content\/uploads\/2022\/06\/PE.-Ingles-Tecnico-I.pdf\" target=\"_blank\" rel=\"noreferrer noopener\">Ingl\u00e9s T\u00e9cnico I<\/a><\/p>\n\n\n\n<p><strong>Segundo Semestre<\/strong> <br><a href=\"http:\/\/nutricion.uas.edu.mx\/\/wp-content\/uploads\/2022\/06\/PE-Nutricion-en-el-Ciclo-de-Vida.pdf\" data-type=\"URL\" data-id=\"http:\/\/nutricion.uas.edu.mx\/\/wp-content\/uploads\/2022\/06\/PE-Nutricion-en-el-Ciclo-de-Vida.pdf\" target=\"_blank\" rel=\"noreferrer noopener\">Nutrici\u00f3n en el Ciclo de Vida<br><\/a><a href=\"http:\/\/nutricion.uas.edu.mx\/\/wp-content\/uploads\/2022\/06\/PE-Evaluacion-nutricional-I.pdf\" data-type=\"URL\" data-id=\"http:\/\/nutricion.uas.edu.mx\/\/wp-content\/uploads\/2022\/06\/PE-Evaluacion-nutricional-I.pdf\" target=\"_blank\" rel=\"noreferrer noopener\">Evaluaci\u00f3n Nutricional I<br><\/a><a href=\"http:\/\/nutricion.uas.edu.mx\/\/wp-content\/uploads\/2022\/06\/PE-Calculo-Normal.pdf\" data-type=\"URL\" data-id=\"http:\/\/nutricion.uas.edu.mx\/\/wp-content\/uploads\/2022\/06\/PE-Calculo-Normal.pdf\" target=\"_blank\" rel=\"noreferrer noopener\">C\u00e1lculo Normal<br><\/a><a href=\"http:\/\/nutricion.uas.edu.mx\/\/wp-content\/uploads\/2022\/06\/PE-Anatomia-y-fisiologia-II.pdf\" data-type=\"URL\" data-id=\"http:\/\/nutricion.uas.edu.mx\/\/wp-content\/uploads\/2022\/06\/PE-Anatomia-y-fisiologia-II.pdf\" target=\"_blank\" rel=\"noreferrer noopener\">Anatom\u00eda y Fisiolog\u00eda II<br><\/a><a href=\"http:\/\/nutricion.uas.edu.mx\/\/wp-content\/uploads\/2022\/06\/PE-Bioquimica.pdf\" data-type=\"URL\" data-id=\"http:\/\/nutricion.uas.edu.mx\/\/wp-content\/uploads\/2022\/06\/PE-Bioquimica.pdf\" target=\"_blank\" rel=\"noreferrer noopener\">Bioqu\u00edmica<br><\/a><a href=\"http:\/\/nutricion.uas.edu.mx\/\/wp-content\/uploads\/2022\/06\/PE-Ingles-Tecnico-II.pdf\" data-type=\"URL\" data-id=\"http:\/\/nutricion.uas.edu.mx\/\/wp-content\/uploads\/2022\/06\/PE-Ingles-Tecnico-II.pdf\" target=\"_blank\" rel=\"noreferrer noopener\">Ingl\u00e9s T\u00e9cnico II<\/a><\/p>\n\n\n\n<p><strong>Tercer Semestre<\/strong> <br><a href=\"http:\/\/nutricion.uas.edu.mx\/\/wp-content\/uploads\/2022\/06\/PE-Dietoterapia-I.pdf\" data-type=\"URL\" data-id=\"http:\/\/nutricion.uas.edu.mx\/\/wp-content\/uploads\/2022\/06\/PE-Dietoterapia-I.pdf\" target=\"_blank\" rel=\"noreferrer noopener\">Dietoterapia I<br><\/a><a href=\"http:\/\/nutricion.uas.edu.mx\/\/wp-content\/uploads\/2022\/06\/PE-Evaluacion-Nutricional-II.pdf\" data-type=\"URL\" data-id=\"http:\/\/nutricion.uas.edu.mx\/\/wp-content\/uploads\/2022\/06\/PE-Evaluacion-Nutricional-II.pdf\" target=\"_blank\" rel=\"noreferrer noopener\">Evaluaci\u00f3n Nutricional II<br><\/a><a href=\"http:\/\/nutricion.uas.edu.mx\/\/wp-content\/uploads\/2022\/06\/PE-Calculo-Dietetico-I.pdf\" data-type=\"URL\" data-id=\"http:\/\/nutricion.uas.edu.mx\/\/wp-content\/uploads\/2022\/06\/PE-Calculo-Dietetico-I.pdf\" target=\"_blank\" rel=\"noreferrer noopener\">C\u00e1lculo Diet\u00e9tico I<br><\/a><a href=\"http:\/\/nutricion.uas.edu.mx\/\/wp-content\/uploads\/2022\/06\/PE-Educacion-Nutricional.pdf\" data-type=\"URL\" data-id=\"http:\/\/nutricion.uas.edu.mx\/\/wp-content\/uploads\/2022\/06\/PE-Educacion-Nutricional.pdf\" target=\"_blank\" rel=\"noreferrer noopener\">Educaci\u00f3n Nutricional<br><\/a><a href=\"http:\/\/nutricion.uas.edu.mx\/\/wp-content\/uploads\/2022\/06\/PE-Fisiopatologia-y-Nutricion-I.pdf\" data-type=\"URL\" data-id=\"http:\/\/nutricion.uas.edu.mx\/\/wp-content\/uploads\/2022\/06\/PE-Fisiopatologia-y-Nutricion-I.pdf\" target=\"_blank\" rel=\"noreferrer noopener\">Fisiopatolog\u00eda y Nutrici\u00f3n I<br><\/a><a href=\"http:\/\/nutricion.uas.edu.mx\/\/wp-content\/uploads\/2022\/06\/PE-Metabolismo-y-Nutricion.pdf\" data-type=\"URL\" data-id=\"http:\/\/nutricion.uas.edu.mx\/\/wp-content\/uploads\/2022\/06\/PE-Metabolismo-y-Nutricion.pdf\" target=\"_blank\" rel=\"noreferrer noopener\">Metabolismo y Nutrici\u00f3n<br><\/a><a href=\"http:\/\/nutricion.uas.edu.mx\/\/wp-content\/uploads\/2022\/06\/PE-Biologia-Celular.pdf\" data-type=\"URL\" data-id=\"http:\/\/nutricion.uas.edu.mx\/\/wp-content\/uploads\/2022\/06\/PE-Biologia-Celular.pdf\" target=\"_blank\" rel=\"noreferrer noopener\">Biolog\u00eda Celular<br><\/a><a href=\"http:\/\/nutricion.uas.edu.mx\/\/wp-content\/uploads\/2022\/06\/PE-Desarrollo-Psicologico.pdf\" data-type=\"URL\" data-id=\"http:\/\/nutricion.uas.edu.mx\/\/wp-content\/uploads\/2022\/06\/PE-Desarrollo-Psicologico.pdf\" target=\"_blank\" rel=\"noreferrer noopener\">Desarrollo Psicol\u00f3gico<\/a><\/p>\n\n\n\n<p><strong>Cuarto Semestre<\/strong> <br><a href=\"http:\/\/nutricion.uas.edu.mx\/\/wp-content\/uploads\/2022\/06\/PE-Dietoterapia-II.pdf\" data-type=\"URL\" data-id=\"http:\/\/nutricion.uas.edu.mx\/\/wp-content\/uploads\/2022\/06\/PE-Dietoterapia-II.pdf\" target=\"_blank\" rel=\"noreferrer noopener\">Dietoterapia II<br><\/a><a href=\"http:\/\/nutricion.uas.edu.mx\/\/wp-content\/uploads\/2022\/06\/PE-Calculo-Dietetico-II.pdf\" data-type=\"URL\" data-id=\"http:\/\/nutricion.uas.edu.mx\/\/wp-content\/uploads\/2022\/06\/PE-Calculo-Dietetico-II.pdf\" target=\"_blank\" rel=\"noreferrer noopener\">C\u00e1lculo Diet\u00e9tico II<br><\/a><a href=\"http:\/\/nutricion.uas.edu.mx\/\/wp-content\/uploads\/2022\/06\/PE-Fisiopatologia-y-Nutricion-II.pdf\" data-type=\"URL\" data-id=\"http:\/\/nutricion.uas.edu.mx\/\/wp-content\/uploads\/2022\/06\/PE-Fisiopatologia-y-Nutricion-II.pdf\" target=\"_blank\" rel=\"noreferrer noopener\">Fisiopatolog\u00eda y Nutrici\u00f3n II<br><\/a><a href=\"http:\/\/nutricion.uas.edu.mx\/\/wp-content\/uploads\/2022\/06\/PE-Quimica-Aplicada-a-la-Nutricion.pdf\" data-type=\"URL\" data-id=\"http:\/\/nutricion.uas.edu.mx\/\/wp-content\/uploads\/2022\/06\/PE-Quimica-Aplicada-a-la-Nutricion.pdf\" target=\"_blank\" rel=\"noreferrer noopener\">Qu\u00edmica Aplicada a la Nutrici\u00f3n<br><\/a><a href=\"http:\/\/nutricion.uas.edu.mx\/\/wp-content\/uploads\/2022\/06\/PE-Bromatologia.pdf\" data-type=\"URL\" data-id=\"http:\/\/nutricion.uas.edu.mx\/\/wp-content\/uploads\/2022\/06\/PE-Bromatologia.pdf\" target=\"_blank\" rel=\"noreferrer noopener\">Bromatolog\u00eda<br><\/a><a href=\"http:\/\/nutricion.uas.edu.mx\/\/wp-content\/uploads\/2022\/06\/PE-Bioestadistica-I.pdf\" data-type=\"URL\" data-id=\"http:\/\/nutricion.uas.edu.mx\/\/wp-content\/uploads\/2022\/06\/PE-Bioestadistica-I.pdf\" target=\"_blank\" rel=\"noreferrer noopener\">Bioestad\u00edstica I<\/a><br><a href=\"http:\/\/nutricion.uas.edu.mx\/\/wp-content\/uploads\/2022\/06\/PE-Psicologia-de-la-Salud.pdf\" data-type=\"URL\" data-id=\"http:\/\/nutricion.uas.edu.mx\/\/wp-content\/uploads\/2022\/06\/PE-Psicologia-de-la-Salud.pdf\" target=\"_blank\" rel=\"noreferrer noopener\">Psicolog\u00eda de la Salud<\/a><\/p>\n\n\n\n<p><strong>Quinto Semestre<\/strong> <br><a href=\"http:\/\/nutricion.uas.edu.mx\/\/wp-content\/uploads\/2022\/06\/PE-Nutricion-Comunitaria.pdf\" data-type=\"URL\" data-id=\"http:\/\/nutricion.uas.edu.mx\/\/wp-content\/uploads\/2022\/06\/PE-Nutricion-Comunitaria.pdf\" target=\"_blank\" rel=\"noreferrer noopener\">Nutrici\u00f3n Comunitaria<br><\/a><a href=\"http:\/\/nutricion.uas.edu.mx\/\/wp-content\/uploads\/2022\/06\/PE-Interaccion-farmaco-nutrimento.pdf\" data-type=\"URL\" data-id=\"http:\/\/nutricion.uas.edu.mx\/\/wp-content\/uploads\/2022\/06\/PE-Interaccion-farmaco-nutrimento.pdf\" target=\"_blank\" rel=\"noreferrer noopener\">Interacci\u00f3n F\u00e1rmaco-nutrimento<br><\/a><a href=\"http:\/\/nutricion.uas.edu.mx\/\/wp-content\/uploads\/2022\/06\/PE-Inocuidad-Alimentaria.pdf\" data-type=\"URL\" data-id=\"http:\/\/nutricion.uas.edu.mx\/\/wp-content\/uploads\/2022\/06\/PE-Inocuidad-Alimentaria.pdf\" target=\"_blank\" rel=\"noreferrer noopener\">Inocuidad Alimentaria<br><\/a><a href=\"http:\/\/nutricion.uas.edu.mx\/\/wp-content\/uploads\/2022\/06\/PE-Tecnicas-Culinarias.pdf\" data-type=\"URL\" data-id=\"http:\/\/nutricion.uas.edu.mx\/\/wp-content\/uploads\/2022\/06\/PE-Tecnicas-Culinarias.pdf\" target=\"_blank\" rel=\"noreferrer noopener\">T\u00e9cnicas Culinarias<br><\/a><a href=\"http:\/\/nutricion.uas.edu.mx\/\/wp-content\/uploads\/2022\/06\/PE-Marco-Lesgilastivo-del-Ejercicio-del-Nutriologo.pdf\" data-type=\"URL\" data-id=\"http:\/\/nutricion.uas.edu.mx\/\/wp-content\/uploads\/2022\/06\/PE-Marco-Lesgilastivo-del-Ejercicio-del-Nutriologo.pdf\" target=\"_blank\" rel=\"noreferrer noopener\">Marco Legislativo del Ejercicio del Nutri\u00f3logo<br><\/a><a href=\"http:\/\/nutricion.uas.edu.mx\/\/wp-content\/uploads\/2022\/06\/PE-Bioestadistica-II.pdf\" data-type=\"URL\" data-id=\"http:\/\/nutricion.uas.edu.mx\/\/wp-content\/uploads\/2022\/06\/PE-Bioestadistica-II.pdf\" target=\"_blank\" rel=\"noreferrer noopener\">Bioestad\u00edstica II<br><\/a><a href=\"http:\/\/nutricion.uas.edu.mx\/\/wp-content\/uploads\/2022\/06\/PE-Fundamentos-basicos-de-SA.pdf\" data-type=\"URL\" data-id=\"http:\/\/nutricion.uas.edu.mx\/\/wp-content\/uploads\/2022\/06\/PE-Fundamentos-basicos-de-SA.pdf\" target=\"_blank\" rel=\"noreferrer noopener\">Fundamentos B\u00e1sicos de Servicios de Alimentaci\u00f3n<\/a><\/p>\n\n\n\n<p><strong>Sexto<\/strong> <strong>Semestre<\/strong> <br><a href=\"http:\/\/nutricion.uas.edu.mx\/\/wp-content\/uploads\/2022\/06\/PE-Nutricion-y-Fisiologia-de-la-AF.pdf\" data-type=\"URL\" data-id=\"http:\/\/nutricion.uas.edu.mx\/\/wp-content\/uploads\/2022\/06\/PE-Nutricion-y-Fisiologia-de-la-AF.pdf\" target=\"_blank\" rel=\"noreferrer noopener\">Nutrici\u00f3n y Fisiolog\u00eda de la Actividad F\u00edsica<br><\/a><a href=\"http:\/\/nutricion.uas.edu.mx\/\/wp-content\/uploads\/2022\/06\/PE-Salud-Publica-y-Nutricion.pdf\" data-type=\"URL\" data-id=\"http:\/\/nutricion.uas.edu.mx\/\/wp-content\/uploads\/2022\/06\/PE-Salud-Publica-y-Nutricion.pdf\" target=\"_blank\" rel=\"noreferrer noopener\">Salud P\u00fablica y Nutrici\u00f3n<br><\/a><a href=\"http:\/\/nutricion.uas.edu.mx\/\/wp-content\/uploads\/2022\/06\/PE-Genetica-y-Biologia-Molecular.pdf\" data-type=\"URL\" data-id=\"http:\/\/nutricion.uas.edu.mx\/\/wp-content\/uploads\/2022\/06\/PE-Genetica-y-Biologia-Molecular.pdf\" target=\"_blank\" rel=\"noreferrer noopener\">Gen\u00e9tica y Biolog\u00eda Molecular<br><\/a><a href=\"http:\/\/nutricion.uas.edu.mx\/\/wp-content\/uploads\/2022\/06\/PE-Metodologia-de-la-Investigacion.pdf\" data-type=\"URL\" data-id=\"http:\/\/nutricion.uas.edu.mx\/\/wp-content\/uploads\/2022\/06\/PE-Metodologia-de-la-Investigacion.pdf\" target=\"_blank\" rel=\"noreferrer noopener\">Metodolog\u00eda de la Investigaci\u00f3n<br><\/a><a href=\"http:\/\/nutricion.uas.edu.mx\/\/wp-content\/uploads\/2022\/06\/PE-Liderazgo-y-Desarrollo-Emprendedor.pdf\" data-type=\"URL\" data-id=\"http:\/\/nutricion.uas.edu.mx\/\/wp-content\/uploads\/2022\/06\/PE-Liderazgo-y-Desarrollo-Emprendedor.pdf\" target=\"_blank\" rel=\"noreferrer noopener\">Liderazgo y Desarrollo Emprendedor<br><\/a><a href=\"http:\/\/nutricion.uas.edu.mx\/\/wp-content\/uploads\/2022\/06\/PE-Dieta-para-Colextividades.pdf\" data-type=\"URL\" data-id=\"http:\/\/nutricion.uas.edu.mx\/\/wp-content\/uploads\/2022\/06\/PE-Dieta-para-Colextividades.pdf\" target=\"_blank\" rel=\"noreferrer noopener\">Dieta para Colectividades<\/a><\/p>\n\n\n\n<p><strong>S\u00e9ptimo Semestre<\/strong> <br><a href=\"http:\/\/nutricion.uas.edu.mx\/\/wp-content\/uploads\/2022\/06\/PE-Politicas-Alimentarias-y-Nutricionales.pdf\" data-type=\"URL\" data-id=\"http:\/\/nutricion.uas.edu.mx\/\/wp-content\/uploads\/2022\/06\/PE-Politicas-Alimentarias-y-Nutricionales.pdf\" target=\"_blank\" rel=\"noreferrer noopener\">Pol\u00edticas Alimentarias y Nutricionales<br><\/a><a href=\"http:\/\/nutricion.uas.edu.mx\/\/wp-content\/uploads\/2022\/06\/PE-Nutricion-y-Desarrollo-Sustentable.pdf\" data-type=\"URL\" data-id=\"http:\/\/nutricion.uas.edu.mx\/\/wp-content\/uploads\/2022\/06\/PE-Nutricion-y-Desarrollo-Sustentable.pdf\" target=\"_blank\" rel=\"noreferrer noopener\">Nutrici\u00f3n y Desarrollo Sustentable<br><\/a><a href=\"http:\/\/nutricion.uas.edu.mx\/\/wp-content\/uploads\/2022\/06\/PE-Etica-dle-Ejercicio-Profesional.pdf\" data-type=\"URL\" data-id=\"http:\/\/nutricion.uas.edu.mx\/\/wp-content\/uploads\/2022\/06\/PE-Etica-dle-Ejercicio-Profesional.pdf\" target=\"_blank\" rel=\"noreferrer noopener\">\u00c9tica del Ejercicio Profesional<br><\/a>Optativa 1 de la acentuaci\u00f3n que curse<br>Optativa 2 de la acentuaci\u00f3n que curse<br>Optativa 3 de la acentuaci\u00f3n que curse<\/p>\n\n\n\n<p><strong>Octavo Semestre<\/strong> <br><a href=\"http:\/\/nutricion.uas.edu.mx\/\/wp-content\/uploads\/2022\/06\/PE-Practicas-Profesionales.pdf\" data-type=\"URL\" data-id=\"http:\/\/nutricion.uas.edu.mx\/\/wp-content\/uploads\/2022\/06\/PE-Practicas-Profesionales.pdf\" target=\"_blank\" rel=\"noreferrer noopener\">Pr\u00e1cticas Profesionales<br><\/a><a href=\"http:\/\/nutricion.uas.edu.mx\/\/wp-content\/uploads\/2022\/06\/PE-Seminario-de-Practicas-Profesionales.pdf\" data-type=\"URL\" data-id=\"http:\/\/nutricion.uas.edu.mx\/\/wp-content\/uploads\/2022\/06\/PE-Seminario-de-Practicas-Profesionales.pdf\" target=\"_blank\" rel=\"noreferrer noopener\">Seminario de Pr\u00e1cticas Profesionales<br><\/a>Optativa 4 de la acentuaci\u00f3n que curse<br><\/p>\n\n\n\n<p><strong>Acentuaci\u00f3n Cl\u00ednica <\/strong><br><a href=\"http:\/\/nutricion.uas.edu.mx\/\/wp-content\/uploads\/2022\/06\/OPT-1.-PE-Inmunologia-y-Nutricion.pdf\" data-type=\"URL\" data-id=\"http:\/\/nutricion.uas.edu.mx\/\/wp-content\/uploads\/2022\/06\/OPT-1.-PE-Inmunologia-y-Nutricion.pdf\" target=\"_blank\" rel=\"noreferrer noopener\">Optativa 1. Inmunolog\u00eda y Nutrici\u00f3n<br><\/a><a href=\"http:\/\/nutricion.uas.edu.mx\/\/wp-content\/uploads\/2022\/06\/OPT-2.-PE-Nutricion-Enteral-y-Parenteral.pdf\" data-type=\"URL\" data-id=\"http:\/\/nutricion.uas.edu.mx\/\/wp-content\/uploads\/2022\/06\/OPT-2.-PE-Nutricion-Enteral-y-Parenteral.pdf\" target=\"_blank\" rel=\"noreferrer noopener\">Optativa 2. Nutrici\u00f3n Enteral y parenteral<br><\/a><a href=\"http:\/\/nutricion.uas.edu.mx\/\/wp-content\/uploads\/2022\/06\/OPT-3.-PE-Nutricion-en-el-Deporte.pdf\" data-type=\"URL\" data-id=\"http:\/\/nutricion.uas.edu.mx\/\/wp-content\/uploads\/2022\/06\/OPT-3.-PE-Nutricion-en-el-Deporte.pdf\" target=\"_blank\" rel=\"noreferrer noopener\">Optativa 3. Nutrici\u00f3n en el Deporte<br><\/a><a href=\"http:\/\/nutricion.uas.edu.mx\/\/wp-content\/uploads\/2022\/06\/OPT-4.-PE-Tratameinto-Integral-en-la-ST-y-AT.pdf\" data-type=\"URL\" data-id=\"http:\/\/nutricion.uas.edu.mx\/\/wp-content\/uploads\/2022\/06\/OPT-4.-PE-Tratameinto-Integral-en-la-ST-y-AT.pdf\" target=\"_blank\" rel=\"noreferrer noopener\">Optativa 4. Tratamiento Integral en la Salud Temprana y Adulta Tard\u00eda<\/a><\/p>\n\n\n\n<p><strong>Acentuaci\u00f3n Administraci\u00f3n de Servicios de Alimentaci\u00f3n<\/strong><br><a href=\"http:\/\/nutricion.uas.edu.mx\/\/wp-content\/uploads\/2022\/06\/OPT-3.-PE-Gestion-Administrativa.pdf\" data-type=\"URL\" data-id=\"http:\/\/nutricion.uas.edu.mx\/\/wp-content\/uploads\/2022\/06\/OPT-3.-PE-Gestion-Administrativa.pdf\" target=\"_blank\" rel=\"noreferrer noopener\">Optativa 1. Gesti\u00f3n de Servicios de Alimentaci\u00f3n<br><\/a><a href=\"http:\/\/nutricion.uas.edu.mx\/\/wp-content\/uploads\/2022\/06\/OPT-2.-PE-Gestion-Organizacional-de-RH.pdf\" data-type=\"URL\" data-id=\"http:\/\/nutricion.uas.edu.mx\/\/wp-content\/uploads\/2022\/06\/OPT-2.-PE-Gestion-Organizacional-de-RH.pdf\" target=\"_blank\" rel=\"noreferrer noopener\">Optativa 2. Gesti\u00f3n Organizacional de Recursos Humanos<\/a><br><a href=\"http:\/\/nutricion.uas.edu.mx\/\/wp-content\/uploads\/2022\/06\/OPT-3.-PE-Gestion-Administrativa.pdf\" data-type=\"URL\" data-id=\"http:\/\/nutricion.uas.edu.mx\/\/wp-content\/uploads\/2022\/06\/OPT-3.-PE-Gestion-Administrativa.pdf\" target=\"_blank\" rel=\"noreferrer noopener\">Optativa 3. Gesti\u00f3n Administrativa<\/a><br><a href=\"http:\/\/nutricion.uas.edu.mx\/\/wp-content\/uploads\/2022\/06\/OPT-4.-PE-Diseno-de-DIetas-Polimericas.pdf\" data-type=\"URL\" data-id=\"http:\/\/nutricion.uas.edu.mx\/\/wp-content\/uploads\/2022\/06\/OPT-4.-PE-Diseno-de-DIetas-Polimericas.pdf\" target=\"_blank\" rel=\"noreferrer noopener\">Optativa 4. Dise\u00f1o de Dietas Polim\u00e9ricas<\/a><\/p>\n\n\n\n<p><strong>Acentuaci\u00f3n Ciencias de loa Alimentos <\/strong><br><a href=\"http:\/\/nutricion.uas.edu.mx\/\/wp-content\/uploads\/2022\/06\/OPT-1.-PE-Produccion-de-Alimentos-para-Nutricion-Humana.pdf\" data-type=\"URL\" data-id=\"http:\/\/nutricion.uas.edu.mx\/\/wp-content\/uploads\/2022\/06\/OPT-1.-PE-Produccion-de-Alimentos-para-Nutricion-Humana.pdf\" target=\"_blank\" rel=\"noreferrer noopener\">Optativa 1. Producci\u00f3n de Alimentos para Nutrici\u00f3n Humana<br><\/a><a href=\"http:\/\/nutricion.uas.edu.mx\/\/wp-content\/uploads\/2022\/06\/OPT-2.-PE-Evaluacion-Sensorial-de-Alimentos-y-PG.pdf\" data-type=\"URL\" data-id=\"http:\/\/nutricion.uas.edu.mx\/\/wp-content\/uploads\/2022\/06\/OPT-2.-PE-Evaluacion-Sensorial-de-Alimentos-y-PG.pdf\" target=\"_blank\" rel=\"noreferrer noopener\">Optativa 2. Evaluaci\u00f3n Sensorial de Alimentos y Desarrollos Gastron\u00f3micos<br><\/a><a href=\"http:\/\/nutricion.uas.edu.mx\/\/wp-content\/uploads\/2022\/06\/OPT-3.-PE-Ciencia-de-la-Gastronomia-y-los-Alimentos.pdf\" data-type=\"URL\" data-id=\"http:\/\/nutricion.uas.edu.mx\/\/wp-content\/uploads\/2022\/06\/OPT-3.-PE-Ciencia-de-la-Gastronomia-y-los-Alimentos.pdf\" target=\"_blank\" rel=\"noreferrer noopener\">Optativa 3. Ciencia de la Gastronom\u00eda<br><\/a><a href=\"http:\/\/nutricion.uas.edu.mx\/\/wp-content\/uploads\/2022\/06\/OPT-4.-PE-Introduccion-a-la-innovacion-e-investigacion-en-alimentos.pdf\" data-type=\"URL\" data-id=\"http:\/\/nutricion.uas.edu.mx\/\/wp-content\/uploads\/2022\/06\/OPT-4.-PE-Introduccion-a-la-innovacion-e-investigacion-en-alimentos.pdf\" target=\"_blank\" rel=\"noreferrer noopener\">Optativa 4. Introducci\u00f3n a la Innovaci\u00f3n e Investigaci\u00f3n en Alimentos<\/a><\/p>\n\n\n\n<p><strong>Acentuaci\u00f3n Comunitaria<\/strong> <br><a href=\"http:\/\/nutricion.uas.edu.mx\/\/wp-content\/uploads\/2022\/06\/OPT-1.-PE-Epidmeiologia-de-la-Nutricion.pdf\" data-type=\"URL\" data-id=\"http:\/\/nutricion.uas.edu.mx\/\/wp-content\/uploads\/2022\/06\/OPT-1.-PE-Epidmeiologia-de-la-Nutricion.pdf\" target=\"_blank\" rel=\"noreferrer noopener\">Optativa 1. Epidemiolog\u00eda de la Nutrici\u00f3n<br><\/a><a href=\"http:\/\/nutricion.uas.edu.mx\/\/wp-content\/uploads\/2022\/06\/OPT-2.-PE-Mercadotecnia-en-Nutricion.pdf\" data-type=\"URL\" data-id=\"http:\/\/nutricion.uas.edu.mx\/\/wp-content\/uploads\/2022\/06\/OPT-2.-PE-Mercadotecnia-en-Nutricion.pdf\" target=\"_blank\" rel=\"noreferrer noopener\">Optativa 2. Mercadotecnia en Nutrici\u00f3n<br><\/a><a href=\"http:\/\/nutricion.uas.edu.mx\/\/wp-content\/uploads\/2022\/06\/OPT-3.-PE-Seguridad-Alimentaria.pdf\" data-type=\"URL\" data-id=\"http:\/\/nutricion.uas.edu.mx\/\/wp-content\/uploads\/2022\/06\/OPT-3.-PE-Seguridad-Alimentaria.pdf\" target=\"_blank\" rel=\"noreferrer noopener\">Optativa 3. Seguridad Alimentaria<br><\/a><a href=\"http:\/\/nutricion.uas.edu.mx\/\/wp-content\/uploads\/2022\/06\/OPT-4.-PE-Nutricion-basada-en-la-evidencia-en-PAR.pdf\" data-type=\"URL\" data-id=\"http:\/\/nutricion.uas.edu.mx\/\/wp-content\/uploads\/2022\/06\/OPT-4.-PE-Nutricion-basada-en-la-evidencia-en-PAR.pdf\" target=\"_blank\" rel=\"noreferrer noopener\">Optativa 4. Nutrici\u00f3n Basada en Evidencia en Poblaci\u00f3n de Alto Riesgo<\/a><\/p>\n","protected":false},"excerpt":{"rendered":"<p>Primer SemestreNutrici\u00f3n B\u00e1sicaAnatom\u00eda y Fisiolog\u00eda IQu\u00edmicaComprensi\u00f3n y Producci\u00f3n de Textos Acad\u00e9micosTecnolog\u00edas Emergentes para el AprendizajePensamiento Cr\u00edtico, Soluci\u00f3n de Problemas y Trabajo en EquipoIngl\u00e9s T\u00e9cnico I Segundo Semestre Nutrici\u00f3n en el Ciclo de VidaEvaluaci\u00f3n Nutricional IC\u00e1lculo NormalAnatom\u00eda y Fisiolog\u00eda IIBioqu\u00edmicaIngl\u00e9s T\u00e9cnico II Tercer Semestre Dietoterapia IEvaluaci\u00f3n Nutricional IIC\u00e1lculo Diet\u00e9tico IEducaci\u00f3n NutricionalFisiopatolog\u00eda y Nutrici\u00f3n IMetabolismo y Nutrici\u00f3nBiolog\u00eda &hellip; <a href=\"https:\/\/nutricion.uas.edu.mx\/index.php\/programa-de-estudios-nutricion\/\">Seguir leyendo <span class=\"meta-nav\">&rarr;<\/span><\/a><\/p>\n","protected":false},"author":1,"featured_media":0,"parent":0,"menu_order":0,"comment_status":"closed","ping_status":"closed","template":"","meta":[],"_links":{"self":[{"href":"https:\/\/nutricion.uas.edu.mx\/index.php\/wp-json\/wp\/v2\/pages\/39"}],"collection":[{"href":"https:\/\/nutricion.uas.edu.mx\/index.php\/wp-json\/wp\/v2\/pages"}],"about":[{"href":"https:\/\/nutricion.uas.edu.mx\/index.php\/wp-json\/wp\/v2\/types\/page"}],"author":[{"embeddable":true,"href":"https:\/\/nutricion.uas.edu.mx\/index.php\/wp-json\/wp\/v2\/users\/1"}],"replies":[{"embeddable":true,"href":"https:\/\/nutricion.uas.edu.mx\/index.php\/wp-json\/wp\/v2\/comments?post=39"}],"version-history":[{"count":10,"href":"https:\/\/nutricion.uas.edu.mx\/index.php\/wp-json\/wp\/v2\/pages\/39\/revisions"}],"predecessor-version":[{"id":628,"href":"https:\/\/nutricion.uas.edu.mx\/index.php\/wp-json\/wp\/v2\/pages\/39\/revisions\/628"}],"wp:attachment":[{"href":"https:\/\/nutricion.uas.edu.mx\/index.php\/wp-json\/wp\/v2\/media?parent=39"}],"curies":[{"name":"wp","href":"https:\/\/api.w.org\/{rel}","templated":true}]}}