{"id":41,"date":"2021-02-26T23:47:04","date_gmt":"2021-02-26T23:47:04","guid":{"rendered":"http:\/\/nutricion.uas.edu.mx\/?page_id=41"},"modified":"2021-02-27T17:11:00","modified_gmt":"2021-02-27T17:11:00","slug":"competencias","status":"publish","type":"page","link":"https:\/\/nutricion.uas.edu.mx\/index.php\/competencias\/","title":{"rendered":"Perfil de Egreso"},"content":{"rendered":"\n<p>Nutrici\u00f3n se compromete con la formaci\u00f3n de un egresado o egresada que domina las siguientes competencias:<\/p>\n\n\n\n<p><strong>Competencias Gen\u00e9ricas<\/strong><\/p>\n\n\n\n<p class=\"has-text-align-center\"><strong>G1.<\/strong> Act\u00faa de manera \u00e9tica, para coadyuvar a la salud de la poblaci\u00f3n, con responsabilidad social y atenci\u00f3n a leyes, reglamentos y normas para el ejercicio profesional.<\/p>\n\n\n\n<p class=\"has-text-align-center\"><strong>G2<\/strong>. Busca y analiza informaci\u00f3n actualizada de fuentes diversas, para comprender y producir textos acad\u00e9micos, cuidando la confiabilidad de las fuentes y con respeto a la autor\u00eda.<\/p>\n\n\n\n<p class=\"has-text-align-center\"><strong>G3<\/strong>. Trabaja en grupos uni, multi e interdisciplinares para desarrollar tareas acad\u00e9micas y profesionales, con base en una comunicaci\u00f3n efectiva y respeto a la diversidad que le permiten producir cooperativamente de forma coordinada y con eficacia.<\/p>\n\n\n\n<p class=\"has-text-align-center\"><strong>G4. <\/strong>Resuelve problemas pensando de forma cr\u00edtica para mejorar el estado nutricional de personas y grupos, con base en el m\u00e9todo cient\u00edfico.<\/p>\n\n\n\n<p class=\"has-text-align-center\"><strong>G5<\/strong>. Utiliza tecnolog\u00edas de la informaci\u00f3n y la comunicaci\u00f3n de forma interactiva, para desarrollar tareas acad\u00e9micas y\/o profesionales con efectividad, atendiendo a normas y reglamentos en su uso.<\/p>\n\n\n\n<p class=\"has-text-align-center\"><strong>G6.<\/strong> Utiliza el ingl\u00e9s para interactuar con profesionales de la nutrici\u00f3n y comprender textos de la profesi\u00f3n.<\/p>\n\n\n\n<h3 class=\"wp-block-heading\"><a><strong>Competencias Espec\u00edficas<\/strong><\/a><strong><\/strong><\/h3>\n\n\n\n<p class=\"has-text-align-center\"><strong>E1. <\/strong>Diagnostica el estado nutricional de individuos y poblaciones en las diferentes etapas de la vida, para establecer estrategias de intervenci\u00f3n, con base en m\u00e9todos validados y legalmente aceptables.<\/p>\n\n\n\n<p class=\"has-text-align-center\"><strong>E2.<\/strong><strong> <\/strong>Implementa tratamientos nutricionales efectivos en todas las etapas de la vida y en procesos patol\u00f3gicos con \u00e9tica y responsabilidad social.<\/p>\n\n\n\n<p class=\"has-text-align-center\"><strong>E3. <\/strong>Promueve estilos de vida saludables a trav\u00e9s de estrategias basadas en evidencia para prevenir enfermedades.<\/p>\n\n\n\n<p class=\"has-text-align-center\"><strong>E4. <\/strong>Investiga soluciones a los problemas de alimentaci\u00f3n, nutrici\u00f3n y salud aplicando el m\u00e9todo cient\u00edfico para mejorar la salud de la poblaci\u00f3n.<strong>&nbsp;<\/strong><\/p>\n","protected":false},"excerpt":{"rendered":"<p>Nutrici\u00f3n se compromete con la formaci\u00f3n de un egresado o egresada que domina las siguientes competencias: Competencias Gen\u00e9ricas G1. Act\u00faa de manera \u00e9tica, para coadyuvar a la salud de la poblaci\u00f3n, con responsabilidad social y atenci\u00f3n a leyes, reglamentos y normas para el ejercicio profesional. G2. Busca y analiza informaci\u00f3n actualizada de fuentes diversas, para &hellip; <a href=\"https:\/\/nutricion.uas.edu.mx\/index.php\/competencias\/\">Seguir leyendo <span class=\"meta-nav\">&rarr;<\/span><\/a><\/p>\n","protected":false},"author":1,"featured_media":0,"parent":0,"menu_order":0,"comment_status":"closed","ping_status":"closed","template":"","meta":[],"_links":{"self":[{"href":"https:\/\/nutricion.uas.edu.mx\/index.php\/wp-json\/wp\/v2\/pages\/41"}],"collection":[{"href":"https:\/\/nutricion.uas.edu.mx\/index.php\/wp-json\/wp\/v2\/pages"}],"about":[{"href":"https:\/\/nutricion.uas.edu.mx\/index.php\/wp-json\/wp\/v2\/types\/page"}],"author":[{"embeddable":true,"href":"https:\/\/nutricion.uas.edu.mx\/index.php\/wp-json\/wp\/v2\/users\/1"}],"replies":[{"embeddable":true,"href":"https:\/\/nutricion.uas.edu.mx\/index.php\/wp-json\/wp\/v2\/comments?post=41"}],"version-history":[{"count":3,"href":"https:\/\/nutricion.uas.edu.mx\/index.php\/wp-json\/wp\/v2\/pages\/41\/revisions"}],"predecessor-version":[{"id":201,"href":"https:\/\/nutricion.uas.edu.mx\/index.php\/wp-json\/wp\/v2\/pages\/41\/revisions\/201"}],"wp:attachment":[{"href":"https:\/\/nutricion.uas.edu.mx\/index.php\/wp-json\/wp\/v2\/media?parent=41"}],"curies":[{"name":"wp","href":"https:\/\/api.w.org\/{rel}","templated":true}]}}