{"id":45,"date":"2021-02-26T23:49:16","date_gmt":"2021-02-26T23:49:16","guid":{"rendered":"http:\/\/nutricion.uas.edu.mx\/?page_id=45"},"modified":"2021-06-21T06:03:47","modified_gmt":"2021-06-21T06:03:47","slug":"programas-estudios-gastronomia","status":"publish","type":"page","link":"https:\/\/nutricion.uas.edu.mx\/index.php\/programas-estudios-gastronomia\/","title":{"rendered":"Programas estudios gastronom\u00eda"},"content":{"rendered":"\n<p><strong>Programas Estudios Gastronom\u00eda<\/strong><\/p>\n\n\n\n<p><strong>PRIMER SEMESTRE<\/strong><\/p>\n\n\n\n<p><a href=\"http:\/\/nutricion.uas.edu.mx\/\/wp-content\/uploads\/2021\/06\/TRABAJO-EN-EQUIPO.pdf\" data-type=\"URL\" data-id=\"http:\/\/nutricion.uas.edu.mx\/\/wp-content\/uploads\/2021\/06\/TRABAJO-EN-EQUIPO.pdf\" target=\"_blank\" rel=\"noreferrer noopener\">\u00a8\u00a0Trabajo en Equipo<br><\/a><a href=\"http:\/\/nutricion.uas.edu.mx\/\/wp-content\/uploads\/2021\/06\/INTRODUCCION-A-LA-ADMINISTRACION-DE-ESTABLECIMIENTOS.pdf\" target=\"_blank\" rel=\"noreferrer noopener\">\u00a8\u00a0Introducci\u00f3n a la Administraci\u00f3n de Establecimientos<br><\/a><a href=\"http:\/\/nutricion.uas.edu.mx\/\/wp-content\/uploads\/2021\/06\/INTRODUCCION-A-LA-GASTRONOMIA.pdf\" target=\"_blank\" rel=\"noreferrer noopener\">\u00a8\u00a0Introducci\u00f3n a la Gastronom\u00eda<br><\/a><a href=\"http:\/\/nutricion.uas.edu.mx\/\/wp-content\/uploads\/2021\/06\/BASES-CULINARIAS.pdf\" data-type=\"URL\" data-id=\"http:\/\/nutricion.uas.edu.mx\/\/wp-content\/uploads\/2021\/06\/BASES-CULINARIAS.pdf\" target=\"_blank\" rel=\"noreferrer noopener\">\u00a8\u00a0Bases Culinarias<br><\/a><a href=\"http:\/\/nutricion.uas.edu.mx\/\/wp-content\/uploads\/2021\/06\/MANEJO-HIGIENICO-DE-LOS-ALIMENTOS.pdf\" target=\"_blank\" rel=\"noreferrer noopener\">\u00a8\u00a0Manejo Higi\u00e9nico de los Alimentos<br><\/a><a href=\"http:\/\/nutricion.uas.edu.mx\/\/wp-content\/uploads\/2021\/06\/HISTORIA-DE-LA-GASTRONOMIA-UNIVERSAL.pdf\" target=\"_blank\" rel=\"noreferrer noopener\">\u00a8\u00a0Historia de la Gastronom\u00eda Universal<br><\/a><a href=\"http:\/\/nutricion.uas.edu.mx\/\/wp-content\/uploads\/2021\/06\/TECNOLOGIAS-DE-LA-INFORMACION-Y-LA-COMUNICACION.pdf\" data-type=\"URL\" data-id=\"http:\/\/nutricion.uas.edu.mx\/\/wp-content\/uploads\/2021\/06\/TECNOLOGIAS-DE-LA-INFORMACION-Y-LA-COMUNICACION.pdf\" target=\"_blank\" rel=\"noreferrer noopener\">\u00a8\u00a0Tecnolog\u00edas de la Informaci\u00f3n y la Comunicaci\u00f3n<\/a><\/p>\n\n\n\n<p><strong>SEGUNDO SEMESTRE<\/strong><\/p>\n\n\n\n<p><a href=\"http:\/\/nutricion.uas.edu.mx\/\/wp-content\/uploads\/2021\/06\/QUIMICA-DE-BIOMOLECULAS.pdf\" target=\"_blank\" rel=\"noreferrer noopener\">\u00a8\u00a0Qu\u00edmica de Biomol\u00e9culas<br><\/a><a href=\"http:\/\/nutricion.uas.edu.mx\/\/wp-content\/uploads\/2021\/06\/PRODUCTOS-DE-MAR.pdf\" data-type=\"URL\" data-id=\"http:\/\/nutricion.uas.edu.mx\/\/wp-content\/uploads\/2021\/06\/PRODUCTOS-DE-MAR.pdf\" target=\"_blank\" rel=\"noreferrer noopener\">\u00a8\u00a0Productos del mar<br><\/a><a href=\"http:\/\/nutricion.uas.edu.mx\/\/wp-content\/uploads\/2021\/06\/ALIMENTOS-DE-ORIGEN-VEGETAL.pdf\" data-type=\"URL\" data-id=\"http:\/\/nutricion.uas.edu.mx\/\/wp-content\/uploads\/2021\/06\/ALIMENTOS-DE-ORIGEN-VEGETAL.pdf\" target=\"_blank\" rel=\"noreferrer noopener\">\u00a8\u00a0Alimentos de Origen Vegetal<br><\/a><a href=\"http:\/\/nutricion.uas.edu.mx\/\/wp-content\/uploads\/2021\/06\/CARNICOS-Y-DERIVADOS.pdf\" data-type=\"URL\" data-id=\"http:\/\/nutricion.uas.edu.mx\/\/wp-content\/uploads\/2021\/06\/CARNICOS-Y-DERIVADOS.pdf\" target=\"_blank\" rel=\"noreferrer noopener\">\u00a8\u00a0C\u00e1rnicos y Derivados<br><\/a><a href=\"http:\/\/nutricion.uas.edu.mx\/\/wp-content\/uploads\/2021\/06\/COMPRENSION-Y-PRODUCCION-DE-TEXTOS-ACADEMICOS.pdf\" data-type=\"URL\" data-id=\"http:\/\/nutricion.uas.edu.mx\/\/wp-content\/uploads\/2021\/06\/COMPRENSION-Y-PRODUCCION-DE-TEXTOS-ACADEMICOS.pdf\" target=\"_blank\" rel=\"noreferrer noopener\">\u00a8\u00a0Comprensi\u00f3n y Producci\u00f3n de Textos Acad\u00e9micos<br><\/a><a href=\"http:\/\/nutricion.uas.edu.mx\/\/wp-content\/uploads\/2021\/06\/HISTORIA-DE-LA-GASTRONOMIA-MEXICANA.pdf\" data-type=\"URL\" data-id=\"http:\/\/nutricion.uas.edu.mx\/\/wp-content\/uploads\/2021\/06\/HISTORIA-DE-LA-GASTRONOMIA-MEXICANA.pdf\" target=\"_blank\" rel=\"noreferrer noopener\">\u00a8\u00a0Historia de la Gastronom\u00eda Mexicana<br><\/a><a href=\"http:\/\/nutricion.uas.edu.mx\/\/wp-content\/uploads\/2021\/06\/INGLES-TECNICO-I.pdf\" data-type=\"URL\" data-id=\"http:\/\/nutricion.uas.edu.mx\/\/wp-content\/uploads\/2021\/06\/INGLES-TECNICO-I.pdf\" target=\"_blank\" rel=\"noreferrer noopener\">\u00a8\u00a0Ingl\u00e9s T\u00e9cnico I<\/a><\/p>\n\n\n\n<p><strong>TERCER SEMESTRE<\/strong><\/p>\n\n\n\n<p><a href=\"http:\/\/nutricion.uas.edu.mx\/\/wp-content\/uploads\/2021\/06\/EQUIPOS-E-INSTALACIONES.pdf\" target=\"_blank\" rel=\"noreferrer noopener\">\u00a8\u00a0Equipos e Instalaciones<br><\/a><a href=\"http:\/\/nutricion.uas.edu.mx\/\/wp-content\/uploads\/2021\/06\/GASTRONOMIA-FRANCESA.pdf\" target=\"_blank\" rel=\"noreferrer noopener\">\u00a8\u00a0Gastronom\u00eda Francesa<br><\/a><a href=\"http:\/\/nutricion.uas.edu.mx\/\/wp-content\/uploads\/2021\/06\/BROMATOLOGIA-DE-LOS-ALIMENTOS.pdf\" target=\"_blank\" rel=\"noreferrer noopener\">\u00a8\u00a0Bromatolog\u00eda de los Alimentos<br><\/a><a href=\"http:\/\/nutricion.uas.edu.mx\/\/wp-content\/uploads\/2021\/06\/PANADERIA-BASICA.pdf\" target=\"_blank\" rel=\"noreferrer noopener\">\u00a8\u00a0Panader\u00eda B\u00e1sica<br><\/a><a href=\"http:\/\/nutricion.uas.edu.mx\/\/wp-content\/uploads\/2021\/06\/CONTABILIDAD-BASICA-1.pdf\" target=\"_blank\" rel=\"noreferrer noopener\">\u00a8\u00a0Contabilidad B\u00e1sica<br><\/a><a href=\"http:\/\/nutricion.uas.edu.mx\/\/wp-content\/uploads\/2021\/06\/INGLES-TECNICO-II.pdf\" target=\"_blank\" rel=\"noreferrer noopener\">\u00a8\u00a0Ingl\u00e9s T\u00e9cnico II<br><\/a><a href=\"http:\/\/nutricion.uas.edu.mx\/\/wp-content\/uploads\/2021\/06\/TECNICAS-DE-SERVICIO-Y-MONTAJE.pdf\" target=\"_blank\" rel=\"noreferrer noopener\">\u00a8\u00a0T\u00e9cnicas de Servicio y Montaje<\/a><\/p>\n\n\n\n<p><strong>CUARTO SEMESTRE<\/strong><\/p>\n\n\n\n<p><a href=\"http:\/\/nutricion.uas.edu.mx\/\/wp-content\/uploads\/2021\/06\/DISENO-Y-MANTENIMIENTO.pdf\" target=\"_blank\" rel=\"noreferrer noopener\">\u00a8\u00a0Dise\u00f1o y Mantenimiento<br><\/a><a href=\"http:\/\/nutricion.uas.edu.mx\/\/wp-content\/uploads\/2021\/06\/GASTRONOMIA-MEXICANA.pdf\" target=\"_blank\" rel=\"noreferrer noopener\">\u00a8\u00a0Gastronom\u00eda Mexicana<br><\/a><a href=\"http:\/\/nutricion.uas.edu.mx\/\/wp-content\/uploads\/2021\/06\/PANADERIA-AVANZADA.pdf\" target=\"_blank\" rel=\"noreferrer noopener\">\u00a8\u00a0Panader\u00eda Avanzada<br><\/a>\u00a8\u00a0<a href=\"http:\/\/nutricion.uas.edu.mx\/\/wp-content\/uploads\/2021\/06\/ESTADISTICA.pdf\" target=\"_blank\" rel=\"noreferrer noopener\">Estad\u00edstica<\/a><br><a href=\"http:\/\/nutricion.uas.edu.mx\/\/wp-content\/uploads\/2021\/06\/COCTELERIA-INTERNACIONAL.pdf\" target=\"_blank\" rel=\"noreferrer noopener\">\u00a8\u00a0Cocteler\u00eda Internacional<br><\/a><a href=\"http:\/\/nutricion.uas.edu.mx\/\/wp-content\/uploads\/2021\/06\/CONTABILIDAD-BASICA.pdf\" target=\"_blank\" rel=\"noreferrer noopener\">\u00a8\u00a0Contabilidad Aplicada<br><\/a><a href=\"http:\/\/nutricion.uas.edu.mx\/\/wp-content\/uploads\/2021\/06\/CONTROL-COSTOS-DE-A-Y-B.pdf\" target=\"_blank\" rel=\"noreferrer noopener\">\u00a8\u00a0Control de Costos de Alimentos y Bebidas<\/a><\/p>\n\n\n\n<p><strong>QUINTO SEMESTRE<\/strong><\/p>\n\n\n\n<p><a href=\"http:\/\/nutricion.uas.edu.mx\/\/wp-content\/uploads\/2021\/06\/DERECHO-Y-LEGISLACION-EMPRESARIAL.pdf\" target=\"_blank\" rel=\"noreferrer noopener\">\u00a8\u00a0Derecho y Legislaci\u00f3n Empresarial<br><\/a><a href=\"http:\/\/nutricion.uas.edu.mx\/\/wp-content\/uploads\/2021\/06\/GASTRONOMIA-DE-LAS-AMERICAS.pdf\" target=\"_blank\" rel=\"noreferrer noopener\">\u00a8\u00a0Gastronom\u00eda de las Am\u00e9ricas<br><\/a><a href=\"http:\/\/nutricion.uas.edu.mx\/\/wp-content\/uploads\/2021\/06\/GASTRONOMIA-SINALOENSE.pdf\" target=\"_blank\" rel=\"noreferrer noopener\">\u00a8\u00a0Gastronom\u00eda Sinaloense<br><\/a><a href=\"http:\/\/nutricion.uas.edu.mx\/\/wp-content\/uploads\/2021\/06\/REPOSTERIA-BASICA.pdf\" target=\"_blank\" rel=\"noreferrer noopener\">\u00a8\u00a0Reposter\u00eda B\u00e1sica<br><\/a><a href=\"http:\/\/nutricion.uas.edu.mx\/\/wp-content\/uploads\/2021\/06\/VITIVINICULTURA.pdf\" target=\"_blank\" rel=\"noreferrer noopener\">\u00a8\u00a0Vitivinicultura<br><\/a><a href=\"http:\/\/nutricion.uas.edu.mx\/\/wp-content\/uploads\/2021\/06\/METODOLOGIA-DE-LA-INVESTIGACION.pdf\" target=\"_blank\" rel=\"noreferrer noopener\">\u00a8\u00a0Metodolog\u00eda de la Investigaci\u00f3n<br><\/a><a href=\"http:\/\/nutricion.uas.edu.mx\/\/wp-content\/uploads\/2021\/06\/BASES-DE-LA-NUTRICION.pdf\" target=\"_blank\" rel=\"noreferrer noopener\">\u00a8\u00a0Bases de la Nutrici\u00f3n<\/a><\/p>\n\n\n\n<p><strong>SEXTO SEMESTRE<\/strong><\/p>\n\n\n\n<p><a href=\"http:\/\/nutricion.uas.edu.mx\/\/wp-content\/uploads\/2021\/06\/INDUSTRIALIZACION-DE-ALIMENTOS.pdf\" target=\"_blank\" rel=\"noreferrer noopener\">\u00a8\u00a0Industrializaci\u00f3n de Alimentos<br><\/a><a href=\"http:\/\/nutricion.uas.edu.mx\/\/wp-content\/uploads\/2021\/06\/GASTRONOMIA-EUROPEA.pdf\" target=\"_blank\" rel=\"noreferrer noopener\">\u00a8\u00a0Gastronom\u00eda Europea<br><\/a><a href=\"http:\/\/nutricion.uas.edu.mx\/\/wp-content\/uploads\/2021\/06\/REPOSTERIA-AVANZADA.pdf\" target=\"_blank\" rel=\"noreferrer noopener\">\u00a8\u00a0Reposter\u00eda Avanzada<br><\/a><a href=\"http:\/\/nutricion.uas.edu.mx\/\/wp-content\/uploads\/2021\/06\/TURISMO-GASTRONOMICO.pdf\" target=\"_blank\" rel=\"noreferrer noopener\">\u00a8\u00a0Turismo Gastron\u00f3mico<br><\/a><a href=\"http:\/\/nutricion.uas.edu.mx\/\/wp-content\/uploads\/2021\/06\/CIENCIA-Y-TECNOLOGIA-DE-LOS-VINOS.pdf\" target=\"_blank\" rel=\"noreferrer noopener\">\u00a8\u00a0Ciencia y Tecnolog\u00eda de los Vinos<br><\/a><a href=\"http:\/\/nutricion.uas.edu.mx\/\/wp-content\/uploads\/2021\/06\/NUTRICION-EN-DIETAS-ESPECIFICAS.pdf\" target=\"_blank\" rel=\"noreferrer noopener\">\u00a8\u00a0Nutrici\u00f3n en Dietas Espec\u00edficas<br><\/a><a href=\"http:\/\/nutricion.uas.edu.mx\/\/wp-content\/uploads\/2021\/06\/ADMINISTRACION-EN-SERVICIOS.pdf\" target=\"_blank\" rel=\"noreferrer noopener\">\u00a8\u00a0Administraci\u00f3n en Servicios<\/a><\/p>\n\n\n\n<p><strong>S\u00c9PTIMO SEMESTRE<\/strong><\/p>\n\n\n\n<p><a href=\"http:\/\/nutricion.uas.edu.mx\/\/wp-content\/uploads\/2021\/06\/PLANEACION-FINANCIERA.pdf\" target=\"_blank\" rel=\"noreferrer noopener\">\u00a8\u00a0Planeaci\u00f3n Financiera<br><\/a><a href=\"http:\/\/nutricion.uas.edu.mx\/\/wp-content\/uploads\/2021\/06\/GASTRONOMIA-ORIENTAL.pdf\" target=\"_blank\" rel=\"noreferrer noopener\">\u00a8\u00a0Gastronom\u00eda Oriental<br><\/a><a href=\"http:\/\/nutricion.uas.edu.mx\/\/wp-content\/uploads\/2021\/06\/PLANEACION-Y-ORGANIZACION-DE-EVENTOS.pdf\" target=\"_blank\" rel=\"noreferrer noopener\">\u00a8\u00a0Planeaci\u00f3n y Organizaci\u00f3n de Eventos<br><\/a>\u00a8\u00a0Optativa por Acentuaci\u00f3n (ver programas en acentuaciones)<br>\u00a8\u00a0Optativa por Acentuaci\u00f3n ver programas en acentuaciones)<br>\u00a8\u00a0Optativa por Acentuaci\u00f3n ver programas en acentuaciones)<\/p>\n\n\n\n<p><strong>OCTAVO SEMESTRE<\/strong><\/p>\n\n\n\n<p><a href=\"http:\/\/nutricion.uas.edu.mx\/\/wp-content\/uploads\/2021\/06\/LIDERAZGO-Y-DIRECCION-DE-EQUIPOS-DE-TRABAJO.pdf\" target=\"_blank\" rel=\"noreferrer noopener\">\u00a8\u00a0Liderazgo y Direcci\u00f3n de Equipos de Trabajo<br><\/a><a href=\"http:\/\/nutricion.uas.edu.mx\/\/wp-content\/uploads\/2021\/06\/TENDENCIAS-E-INNOVACION-GASTRONOMICA.pdf\" target=\"_blank\" rel=\"noreferrer noopener\">\u00a8\u00a0Tendencias e Innovaci\u00f3n Gastron\u00f3mica<br><\/a><a href=\"http:\/\/nutricion.uas.edu.mx\/\/wp-content\/uploads\/2021\/06\/GESTION-DEL-CAPITAL-HUMANO.pdf\" target=\"_blank\" rel=\"noreferrer noopener\">\u00a8\u00a0Gesti\u00f3n del Capital Humano<br><\/a><a href=\"http:\/\/nutricion.uas.edu.mx\/\/wp-content\/uploads\/2021\/06\/RELACIONES-PUBLICAS-Y-PROTOCOLO.pdf\" target=\"_blank\" rel=\"noreferrer noopener\">\u00a8\u00a0Relaciones P\u00fablicas y Protocolo<br><\/a><a href=\"http:\/\/nutricion.uas.edu.mx\/\/wp-content\/uploads\/2021\/06\/MERCADOTECNIA-EMPRESARIAL.pdf\" target=\"_blank\" rel=\"noreferrer noopener\">\u00a8\u00a0Mercadotecnia Empresarial<br><\/a><a href=\"http:\/\/nutricion.uas.edu.mx\/\/wp-content\/uploads\/2021\/06\/SISTEMA-DE-GESTION-DE-CALIDAD.pdf\" target=\"_blank\" rel=\"noreferrer noopener\">\u00a8\u00a0Sistemas de Gesti\u00f3n de la Calidad<br><\/a><a href=\"http:\/\/nutricion.uas.edu.mx\/\/wp-content\/uploads\/2021\/06\/CULTIVO-Y-ALIMENTACION-SOSTENIBLE.pdf\" target=\"_blank\" rel=\"noreferrer noopener\">\u00a8\u00a0Cultivo y Alimentaci\u00f3n Sostenible<br><\/a><a href=\"http:\/\/nutricion.uas.edu.mx\/\/wp-content\/uploads\/2021\/06\/SEMINARIO-DE-INVESTIGACION.pdf\" target=\"_blank\" rel=\"noreferrer noopener\">\u00a8\u00a0Seminario de Investigaci\u00f3n<\/a><\/p>\n\n\n\n<p><strong>ACENTUACI\u00d3N EN CIENCIA DE LOS ALIMENTOS<\/strong><\/p>\n\n\n\n<p><a href=\"http:\/\/nutricion.uas.edu.mx\/\/wp-content\/uploads\/2021\/06\/OPT-1.-PRODUCCION-DE-ALIMENTOS-PARA-NUTRICION-HUMANA.pdf\" target=\"_blank\" rel=\"noreferrer noopener\">Optativa 1- Producci\u00f3n de Alimentos para Nutrici\u00f3n Humana<br><\/a><a href=\"http:\/\/nutricion.uas.edu.mx\/\/wp-content\/uploads\/2021\/06\/OPT-2.-EVALUACION-SENSORIAL-DE-ALIMENTOS-Y-DESARROLLOS-GASTRONOMICOS.pdf\" target=\"_blank\" rel=\"noreferrer noopener\">Optativa 2- Evaluaci\u00f3n Sensorial de Alimentos y Desarrollos Gastron\u00f3micos<br><\/a><a href=\"http:\/\/nutricion.uas.edu.mx\/\/wp-content\/uploads\/2021\/06\/OPT-3.-CIENCIA-DE-LA-GASTRONOMIA-Y-LOS-ALIMENTOS.pdf\" target=\"_blank\" rel=\"noreferrer noopener\">Optativa 3- Ciencia de la Gastronom\u00eda y los Alimentos<\/a><\/p>\n\n\n\n<p><strong>ACENTUACI\u00d3N EN SERVICIOS DE ALIMENTACI\u00d3N<\/strong><\/p>\n\n\n\n<p><a href=\"http:\/\/nutricion.uas.edu.mx\/\/wp-content\/uploads\/2021\/06\/OPT-1.-GESTION-DE-SERVICIOS-DE-ALIMENTACION.pdf\" target=\"_blank\" rel=\"noreferrer noopener\">Optativa 1- Gesti\u00f3n de Servicios de Alimentaci\u00f3n<br><\/a><a href=\"http:\/\/nutricion.uas.edu.mx\/\/wp-content\/uploads\/2021\/06\/OPT-2.-GESTION-ORGANIZACIONAL-DE-RECURSOS-HUMANOS.pdf\" target=\"_blank\" rel=\"noreferrer noopener\">Optativa 2- Gesti\u00f3n Organizacional de Recursos Humanos<br><\/a><a href=\"http:\/\/nutricion.uas.edu.mx\/\/wp-content\/uploads\/2021\/06\/OPT-3.-GESTION-ADMINISTRATIVA.pdf\" target=\"_blank\" rel=\"noreferrer noopener\">Optativa 3- Gesti\u00f3n Administrativa<\/a><\/p>\n\n\n\n<p><strong>ACENTUACI\u00d3N EN INNOVACI\u00d3N, NEGOCIO Y EMPRENDIZAJE<\/strong><\/p>\n\n\n\n<p><a rel=\"noreferrer noopener\" href=\"http:\/\/nutricion.uas.edu.mx\/\/wp-content\/uploads\/2021\/06\/OPT-1.-CONSULTORIA-ORGANIZACIONAL-DE-NEGOCIOS-DE-A-Y-B.pdf\" target=\"_blank\">Optativa 1- Consultor\u00eda Organizacional de Negocios de A y B<br><\/a><a rel=\"noreferrer noopener\" href=\"http:\/\/nutricion.uas.edu.mx\/\/wp-content\/uploads\/2021\/06\/OPT-2.-ENTORNO-EMPRESARIAL-Y-FINANCIERO.pdf\" target=\"_blank\">Optativa 2- Entorno Empresarial y Financiero<\/a><br><a rel=\"noreferrer noopener\" href=\"http:\/\/nutricion.uas.edu.mx\/\/wp-content\/uploads\/2021\/06\/OPT-3.-FORMULACION-Y-EVALUACION-DE-PROYECTOS-DE-INVERSION.pdf\" target=\"_blank\">Optativa 3- Formulaci\u00f3n y Evaluaci\u00f3n de Proyectos de Inversi\u00f3n<\/a><\/p>\n\n\n\n<p><strong>ACENTUACI\u00d3N EN VANGUARDIA CULINARIA<\/strong><\/p>\n\n\n\n<p><a href=\"http:\/\/nutricion.uas.edu.mx\/\/wp-content\/uploads\/2021\/06\/OPT-1.-INTRODUCCION-A-LA-INVESTIGACION-E-INNOVACION-EN-GASTRONOMIA.pdf\" target=\"_blank\" rel=\"noreferrer noopener\">Optativa 1- Introducci\u00f3n a la Investigaci\u00f3n e Innovaci\u00f3n en Gastronom\u00eda<br><\/a><a href=\"http:\/\/nutricion.uas.edu.mx\/\/wp-content\/uploads\/2021\/06\/OPT-2.-VANGUARDIA-GASTRONOMICA.pdf\" target=\"_blank\" rel=\"noreferrer noopener\">Optativa 2- Vanguardia Gastron\u00f3mica<br><\/a><a href=\"http:\/\/nutricion.uas.edu.mx\/\/wp-content\/uploads\/2021\/06\/OPT-3.-QUIMICA-CULINARIA-Y-ANALISIS-SENSORIAL.pdf\" target=\"_blank\" rel=\"noreferrer noopener\">Optativa 3- Qu\u00edmica Culinaria y An\u00e1lisis Sensorial<\/a><\/p>\n","protected":false},"excerpt":{"rendered":"<p>Programas Estudios Gastronom\u00eda PRIMER SEMESTRE \u00a8\u00a0Trabajo en Equipo\u00a8\u00a0Introducci\u00f3n a la Administraci\u00f3n de Establecimientos\u00a8\u00a0Introducci\u00f3n a la Gastronom\u00eda\u00a8\u00a0Bases Culinarias\u00a8\u00a0Manejo Higi\u00e9nico de los Alimentos\u00a8\u00a0Historia de la Gastronom\u00eda Universal\u00a8\u00a0Tecnolog\u00edas de la Informaci\u00f3n y la Comunicaci\u00f3n SEGUNDO SEMESTRE \u00a8\u00a0Qu\u00edmica de Biomol\u00e9culas\u00a8\u00a0Productos del mar\u00a8\u00a0Alimentos de Origen Vegetal\u00a8\u00a0C\u00e1rnicos y Derivados\u00a8\u00a0Comprensi\u00f3n y Producci\u00f3n de Textos Acad\u00e9micos\u00a8\u00a0Historia de la Gastronom\u00eda Mexicana\u00a8\u00a0Ingl\u00e9s T\u00e9cnico I TERCER &hellip; <a href=\"https:\/\/nutricion.uas.edu.mx\/index.php\/programas-estudios-gastronomia\/\">Seguir leyendo <span class=\"meta-nav\">&rarr;<\/span><\/a><\/p>\n","protected":false},"author":1,"featured_media":0,"parent":0,"menu_order":0,"comment_status":"closed","ping_status":"closed","template":"","meta":[],"_links":{"self":[{"href":"https:\/\/nutricion.uas.edu.mx\/index.php\/wp-json\/wp\/v2\/pages\/45"}],"collection":[{"href":"https:\/\/nutricion.uas.edu.mx\/index.php\/wp-json\/wp\/v2\/pages"}],"about":[{"href":"https:\/\/nutricion.uas.edu.mx\/index.php\/wp-json\/wp\/v2\/types\/page"}],"author":[{"embeddable":true,"href":"https:\/\/nutricion.uas.edu.mx\/index.php\/wp-json\/wp\/v2\/users\/1"}],"replies":[{"embeddable":true,"href":"https:\/\/nutricion.uas.edu.mx\/index.php\/wp-json\/wp\/v2\/comments?post=45"}],"version-history":[{"count":5,"href":"https:\/\/nutricion.uas.edu.mx\/index.php\/wp-json\/wp\/v2\/pages\/45\/revisions"}],"predecessor-version":[{"id":427,"href":"https:\/\/nutricion.uas.edu.mx\/index.php\/wp-json\/wp\/v2\/pages\/45\/revisions\/427"}],"wp:attachment":[{"href":"https:\/\/nutricion.uas.edu.mx\/index.php\/wp-json\/wp\/v2\/media?parent=45"}],"curies":[{"name":"wp","href":"https:\/\/api.w.org\/{rel}","templated":true}]}}