{"id":453,"date":"2021-06-25T05:47:12","date_gmt":"2021-06-25T05:47:12","guid":{"rendered":"http:\/\/nutricion.uas.edu.mx\/?page_id=453"},"modified":"2021-06-25T05:47:13","modified_gmt":"2021-06-25T05:47:13","slug":"servicio-social-fcnyg","status":"publish","type":"page","link":"https:\/\/nutricion.uas.edu.mx\/index.php\/servicio-social-fcnyg\/","title":{"rendered":"Servicio Social FCNyG"},"content":{"rendered":"\n<p><strong>SERVICIO SOCIAL<\/strong><\/p>\n\n\n\n<p><strong>\u00bfQu\u00e9 es el servicio social?<\/strong><\/p>\n\n\n\n<p>El servicio social universitario comprende las actividades te\u00f3rico-pr\u00e1cticas que con car\u00e1cter obligatorio y temporal realizan estudiantes o egresados (as) de la Universidad.<\/p>\n\n\n\n<p><strong>\u00bfCu\u00e1l es su prop\u00f3sito?<\/strong><\/p>\n\n\n\n<p>Consolidar su formaci\u00f3n acad\u00e9mica integral a trav\u00e9s de la aplicaci\u00f3n de competencias transversales a su ejercicio profesional, con los conocimientos adquiridos durante sus estudios, o bien, participando en programas de car\u00e1cter dirigidos a elevar las condiciones de vida de la poblaci\u00f3n en zonas marginadas, coadyuvando a elevar sus niveles de bienestar.<\/p>\n\n\n\n<p><strong>Objetivos del servicio social<\/strong><\/p>\n\n\n\n<p><strong>Art\u00edculo 8. El servicio social universitario tiene como objetivos los siguientes:<\/strong><\/p>\n\n\n\n<p><strong>(Reglamento de servicio social)<\/strong><\/p>\n\n\n\n<ol type=\"I\"><li>Contrastar la formaci\u00f3n integral de competencias espec\u00edficas y transversales;<\/li><li>Promover los valores como eje orientador para el desempe\u00f1o profesional y personal;<\/li><li>Divulgar, transferir y aplicar los conocimientos cient\u00edficos y tecnol\u00f3gicos que contribuyan a la soluci\u00f3n de la problem\u00e1tica social, econ\u00f3mica y cultural de los grupos en circunstancias de exclusi\u00f3n social;<\/li><li>Coadyuvar a trav\u00e9s de los proyectos de servicio social a la integraci\u00f3n de las funciones acad\u00e9micas de docencia, investigaci\u00f3n y extensi\u00f3n de la Universidad;<\/li><li>Procurar el servicio social colegiado con perspectiva comunitaria para la inclusi\u00f3n social;<\/li><li>Desarrollar durante la realizaci\u00f3n del servicio social conciencia de solidaridad para la sustentabilidad y equidad de g\u00e9nero;<\/li><li>Asegurar que la realizaci\u00f3n del servicio social se convierta en un acto de reciprocidad para con la poblaci\u00f3n en circunstancia de exclusi\u00f3n social, a trav\u00e9s de planes y programas generados por la Universidad o en concurrencia con el sector p\u00fablico, social y privado;<\/li><li>Desarrollar proyectos de servicio social con perspectiva comunitaria para la inclusi\u00f3n social;<\/li><li>Consolidar el servicio social como un medio estrat\u00e9gico en el desarrollo regional, y<\/li><li>Vincular a la Universidad con la poblaci\u00f3n en circunstancias de marginaci\u00f3n social, contribuyendo al mejoramiento del \u00edndice de desarrollo humano, sustentabilidad y equidad de g\u00e9nero.<\/li><\/ol>\n\n\n\n<p><strong>Duraci\u00f3n de servicio social<\/strong><\/p>\n\n\n\n<p><strong>Licenciatura en Nutrici\u00f3n<\/strong><\/p>\n\n\n\n<p>Para las carreras del \u00e1rea de la salud, la duraci\u00f3n m\u00ednima ser\u00e1 de <strong>un a\u00f1o<\/strong>.&nbsp;<\/p>\n\n\n\n<p><strong>Licenciatura en Gastronom\u00eda<\/strong><\/p>\n\n\n\n<p>Para las carreras del \u00e1rea administrativa, la duraci\u00f3n m\u00ednima ser\u00e1 de <strong>seis meses<\/strong>.<\/p>\n\n\n\n<p><strong>Requisitos<\/strong><\/p>\n\n\n\n<p><strong>Licenciatura en Nutrici\u00f3n<\/strong><\/p>\n\n\n\n<ul><li>Haber acreditado, el 100% de los cr\u00e9ditos acad\u00e9micos considerados en el plan de estudios.<\/li><li>Presentar la solicitud v\u00eda electr\u00f3nica en la Unidad Acad\u00e9mica.<\/li><li>Acreditar el seminario para el compromiso \u00e9tico universitario y la inclusi\u00f3n social.<\/li><li>Presentar la documentaci\u00f3n que se establezca en la convocatoria y en los lineamientos del manual correspondiente.<\/li><li>Estar registrados en el SASS-UAS http:\/\/serviciosocial.uas.edu.mx\/ y SIASS-SSA https:\/\/dgces.salud.gob.mx\/siass\/index.php.<\/li><li>Aprobaci\u00f3n y presentaci\u00f3n del proyecto de servicio social en su primer informe mensual.<\/li><\/ul>\n\n\n\n<p><strong>Licenciatura en Gastronom\u00eda<\/strong><\/p>\n\n\n\n<ul><li>Haber acreditado, el 70% de los cr\u00e9ditos acad\u00e9micos considerados en el plan de estudios.<\/li><li>Presentar la solicitud v\u00eda electr\u00f3nica en la Unidad Acad\u00e9mica.<\/li><li>Acreditar el seminario para el compromiso \u00e9tico universitario y la inclusi\u00f3n social.<\/li><li>Presentar la documentaci\u00f3n que se establezca en la convocatoria y en los lineamientos del manual correspondiente.<\/li><li>Estar registrados en el SASS-UAS http:\/\/serviciosocial.uas.edu.mx\/<\/li><li>Aprobaci\u00f3n y presentaci\u00f3n del proyecto de servicio social en su primer informe mensual.<\/li><\/ul>\n\n\n\n<p><strong>Formatos y gu\u00edas<\/strong><\/p>\n\n\n\n<p><strong>Para brigadistas<\/strong><\/p>\n\n\n\n<ul><li><a href=\"http:\/\/serviciosocial.uas.edu.mx\/wp-content\/uploads\/2017\/11\/1.-Gu%C3%ADa-para-elaboraci%C3%B3n-de-Informe-Mensual_23nov.doc\">Gu\u00eda para la elaboraci\u00f3n de informes mensuales.<\/a><\/li><li><a href=\"http:\/\/serviciosocial.uas.edu.mx\/wp-content\/uploads\/2017\/11\/2.-Gu%C3%ADa-para-elaboraci%C3%B3n-de-Proyecto-de-Servicio-Social.doc\">Gu\u00eda de elaboraci\u00f3n de proyecto de Servicio Social.<\/a><\/li><li><a href=\"http:\/\/serviciosocial.uas.edu.mx\/wp-content\/uploads\/2017\/11\/2a.-Anexo-de-guia-para-la-elaboraci%C3%B3n-de-proyecto-de-servicio-social.docx\">2a. Anexo de gu\u00eda para la elaboraci\u00f3n de proyecto de servicio social<\/a><\/li><li><a href=\"http:\/\/serviciosocial.uas.edu.mx\/wp-content\/uploads\/2017\/11\/2b.-Matriz-de-actividades-para-la-guia-de-proyectos.xlsx\">2b. Matriz de actividades del proyecto<\/a><\/li><li><a href=\"http:\/\/serviciosocial.uas.edu.mx\/wp-content\/uploads\/2021\/06\/Gu%C3%ADa-para-la-Elaboraci%C3%B3n-de-Informe-Final-de-Resultados-2021.doc\">Gu\u00eda del informe final de Resultados de Servicio Social.<\/a><\/li><li><a href=\"http:\/\/serviciosocial.uas.edu.mx\/wp-content\/uploads\/2017\/06\/instrumentodeevaluacionperspectivadelbrigadistadeserviciosocial.doc\">Instrumento de evaluaci\u00f3n del Brigadista.<\/a><\/li><li><a href=\"http:\/\/serviciosocial.uas.edu.mx\/wp-content\/uploads\/2017\/06\/cartelejemplo1.ppt\">Formato Cartel 1<\/a><\/li><li><a href=\"http:\/\/serviciosocial.uas.edu.mx\/wp-content\/uploads\/2017\/06\/cartelejemplo2.ppt\">Formato Cartel 2<\/a><\/li><li><a href=\"http:\/\/serviciosocial.uas.edu.mx\/wp-content\/uploads\/2017\/08\/guiadeparticipacionparaencuentros.doc\">Gu\u00eda de Participaci\u00f3n para Encuentros<\/a><\/li><\/ul>\n\n\n\n<p><strong>Para asesores<\/strong><\/p>\n\n\n\n<ul><li><a href=\"http:\/\/serviciosocial.uas.edu.mx\/wp-content\/uploads\/2017\/06\/instrumentodeevaluacionperspectivadelasesoradelinformefinalderesultados.doc\">Instrumento de evaluaci\u00f3n del Asesor o Supervisor.<\/a><\/li><li><a href=\"http:\/\/serviciosocial.uas.edu.mx\/wp-content\/uploads\/2017\/10\/04-Formato-de-Constancia-de-Culminaci%C3%B3n-de-Informe-Final-de-Resultados.docx\">Formato de Constancia de Culminaci\u00f3n de Informe Final de Resultados.<\/a><\/li><li><a href=\"http:\/\/serviciosocial.uas.edu.mx\/wp-content\/uploads\/2017\/10\/BITACORA-DE-ASESORIA-Y-SEGUIEMITO-DE-Servicio-Social.docx\">Bit\u00e1cora de asesor\u00eda y seguimiento de Servicio Social<\/a><\/li><\/ul>\n\n\n\n<p><strong>Para unidades receptoras<\/strong><\/p>\n\n\n\n<ul><li><a href=\"http:\/\/serviciosocial.uas.edu.mx\/wp-content\/uploads\/2017\/12\/01-Formato-de-Carta-de-Intenci%C3%B3n-N.doc\">Formato de Carta de intenci\u00f3n de colaboraci\u00f3n entre la DGSS y las Unidades Receptoras.<\/a><\/li><li><a href=\"http:\/\/serviciosocial.uas.edu.mx\/wp-content\/uploads\/2017\/06\/solicituddebrigadistas.doc\">Formato para solicitud de Brigadistas de Servicio Social \u2013 Unidad Receptora.<\/a><\/li><li><a href=\"http:\/\/serviciosocial.uas.edu.mx\/wp-content\/uploads\/2017\/06\/solicitudderegistrodenuevoproyectodeunidadreceptora.doc\">Formato solicitud de registro de nuevo Proyecto de Unidad Receptora.<\/a><\/li><li><a href=\"http:\/\/serviciosocial.uas.edu.mx\/wp-content\/uploads\/2017\/11\/Solicitud-de-Registro-de-Unidad-Receptora.doc\">Formato Solicitud de Registro de Unidad Receptora.<\/a><\/li><li><a href=\"http:\/\/serviciosocial.uas.edu.mx\/wp-content\/uploads\/2017\/06\/formatodeconstanciadeterminacionsatisfactoriadeserviciosocialenunidadreceptora.doc\">Formato de Constancia de Terminaci\u00f3n Satisfactoria de Servicio Social en Unidad Receptora.<\/a><\/li><li><a href=\"http:\/\/serviciosocial.uas.edu.mx\/wp-content\/uploads\/2017\/11\/4.-Gu%C3%ADa-para-elaboraci%C3%B3n-de-proy-de-UR.doc\">Gu\u00eda m\u00ednima para elaborar el proyecto de la unidad receptora<\/a><\/li><li><a href=\"http:\/\/serviciosocial.uas.edu.mx\/wp-content\/uploads\/2017\/06\/instrumentodeevaluacionperspectivadelaunidadreceptora.doc\">Instrumento de evaluaci\u00f3n de la Unidad Receptora.<\/a><\/li><\/ul>\n\n\n\n<p><strong><u>Responsables del departamento de Servicio Social:<\/u><\/strong><br>LN. Ashanti Yanessy Gonz\u00e1lez L\u00f3pez<br><strong>Coordinadora de Servicio Social y Pr\u00e1cticas Profesionales<\/strong><br>LN. Citlalic Vega L\u00f3pez<br><strong>Supervisora de Servicio Social<\/strong><\/p>\n","protected":false},"excerpt":{"rendered":"<p>SERVICIO SOCIAL \u00bfQu\u00e9 es el servicio social? El servicio social universitario comprende las actividades te\u00f3rico-pr\u00e1cticas que con car\u00e1cter obligatorio y temporal realizan estudiantes o egresados (as) de la Universidad. \u00bfCu\u00e1l es su prop\u00f3sito? Consolidar su formaci\u00f3n acad\u00e9mica integral a trav\u00e9s de la aplicaci\u00f3n de competencias transversales a su ejercicio profesional, con los conocimientos adquiridos durante &hellip; <a href=\"https:\/\/nutricion.uas.edu.mx\/index.php\/servicio-social-fcnyg\/\">Seguir leyendo <span class=\"meta-nav\">&rarr;<\/span><\/a><\/p>\n","protected":false},"author":1,"featured_media":0,"parent":0,"menu_order":0,"comment_status":"closed","ping_status":"closed","template":"","meta":[],"_links":{"self":[{"href":"https:\/\/nutricion.uas.edu.mx\/index.php\/wp-json\/wp\/v2\/pages\/453"}],"collection":[{"href":"https:\/\/nutricion.uas.edu.mx\/index.php\/wp-json\/wp\/v2\/pages"}],"about":[{"href":"https:\/\/nutricion.uas.edu.mx\/index.php\/wp-json\/wp\/v2\/types\/page"}],"author":[{"embeddable":true,"href":"https:\/\/nutricion.uas.edu.mx\/index.php\/wp-json\/wp\/v2\/users\/1"}],"replies":[{"embeddable":true,"href":"https:\/\/nutricion.uas.edu.mx\/index.php\/wp-json\/wp\/v2\/comments?post=453"}],"version-history":[{"count":1,"href":"https:\/\/nutricion.uas.edu.mx\/index.php\/wp-json\/wp\/v2\/pages\/453\/revisions"}],"predecessor-version":[{"id":454,"href":"https:\/\/nutricion.uas.edu.mx\/index.php\/wp-json\/wp\/v2\/pages\/453\/revisions\/454"}],"wp:attachment":[{"href":"https:\/\/nutricion.uas.edu.mx\/index.php\/wp-json\/wp\/v2\/media?parent=453"}],"curies":[{"name":"wp","href":"https:\/\/api.w.org\/{rel}","templated":true}]}}