{"id":456,"date":"2021-06-25T05:48:57","date_gmt":"2021-06-25T05:48:57","guid":{"rendered":"http:\/\/nutricion.uas.edu.mx\/?page_id=456"},"modified":"2021-06-25T05:48:58","modified_gmt":"2021-06-25T05:48:58","slug":"control-escolar-fcnyg","status":"publish","type":"page","link":"https:\/\/nutricion.uas.edu.mx\/index.php\/control-escolar-fcnyg\/","title":{"rendered":"Control Escolar FCNyG"},"content":{"rendered":"\n<p><strong>CONTROL ESCOLAR<\/strong><\/p>\n\n\n\n<p>El departamento de control escolar se encarga de brindar la atenci\u00f3n a los alumnos con un servicio eficiente por parte del personal, adem\u00e1s de contar con procesos certificados.<\/p>\n\n\n\n<p><strong>Objetivos espec\u00edficos<\/strong><\/p>\n\n\n\n<ul><li>Coordinar para la aplicaci\u00f3n del examen Ceneval nuevo ingreso.<\/li><li>Elaborar y emitir recibos de pago para inscripci\u00f3n y reinscripci\u00f3n.<\/li><li>Programar los ex\u00e1menes extraordinarios.<\/li><li>Dar difusi\u00f3n de servicios que se proporcionan en el departamento.<\/li><li>Elaborar constancias de estudios y calificaciones.<\/li><li>Orientar a estudiantes en diferentes procesos como, solicitud de certificados de estudios, solicitud de examen EGEL.<\/li><\/ul>\n\n\n\n<p><strong>Tr\u00e1mites<\/strong><\/p>\n\n\n\n<p><strong>Solicitud de constancias de estudios y calificaciones<\/strong><\/p>\n\n\n\n<ul><li>Enviar solicitud al correo electr\u00f3nico de encargada de departamento, se hace corte de todas las solicitudes recibidas <strong><u>los d\u00edas lunes<\/u><\/strong> para su elaboraci\u00f3n.<\/li><li>&nbsp;<strong><u>Entrega en f\u00edsico los<\/u><\/strong> <strong>d\u00edas mi\u00e9rcoles en horario de 10 a 12 horas<\/strong> en la Coordinaci\u00f3n Administrativa de la facultad.<\/li><\/ul>\n\n\n\n<p><strong><u>Encargada del departamento de control escolar<\/u><\/strong>:<br><strong>LAE. Astral Sarabia Espinoza<\/strong><br><strong>Correo:<\/strong> <a href=\"mailto:astral@uas.edu.mx\">astral@uas.edu.mx<\/a><\/p>\n","protected":false},"excerpt":{"rendered":"<p>CONTROL ESCOLAR El departamento de control escolar se encarga de brindar la atenci\u00f3n a los alumnos con un servicio eficiente por parte del personal, adem\u00e1s de contar con procesos certificados. Objetivos espec\u00edficos Coordinar para la aplicaci\u00f3n del examen Ceneval nuevo ingreso. Elaborar y emitir recibos de pago para inscripci\u00f3n y reinscripci\u00f3n. Programar los ex\u00e1menes extraordinarios. &hellip; <a href=\"https:\/\/nutricion.uas.edu.mx\/index.php\/control-escolar-fcnyg\/\">Seguir leyendo <span class=\"meta-nav\">&rarr;<\/span><\/a><\/p>\n","protected":false},"author":1,"featured_media":0,"parent":0,"menu_order":0,"comment_status":"closed","ping_status":"closed","template":"","meta":[],"_links":{"self":[{"href":"https:\/\/nutricion.uas.edu.mx\/index.php\/wp-json\/wp\/v2\/pages\/456"}],"collection":[{"href":"https:\/\/nutricion.uas.edu.mx\/index.php\/wp-json\/wp\/v2\/pages"}],"about":[{"href":"https:\/\/nutricion.uas.edu.mx\/index.php\/wp-json\/wp\/v2\/types\/page"}],"author":[{"embeddable":true,"href":"https:\/\/nutricion.uas.edu.mx\/index.php\/wp-json\/wp\/v2\/users\/1"}],"replies":[{"embeddable":true,"href":"https:\/\/nutricion.uas.edu.mx\/index.php\/wp-json\/wp\/v2\/comments?post=456"}],"version-history":[{"count":1,"href":"https:\/\/nutricion.uas.edu.mx\/index.php\/wp-json\/wp\/v2\/pages\/456\/revisions"}],"predecessor-version":[{"id":457,"href":"https:\/\/nutricion.uas.edu.mx\/index.php\/wp-json\/wp\/v2\/pages\/456\/revisions\/457"}],"wp:attachment":[{"href":"https:\/\/nutricion.uas.edu.mx\/index.php\/wp-json\/wp\/v2\/media?parent=456"}],"curies":[{"name":"wp","href":"https:\/\/api.w.org\/{rel}","templated":true}]}}