{"id":459,"date":"2021-06-25T05:50:41","date_gmt":"2021-06-25T05:50:41","guid":{"rendered":"http:\/\/nutricion.uas.edu.mx\/?page_id=459"},"modified":"2021-06-25T05:50:42","modified_gmt":"2021-06-25T05:50:42","slug":"educacion-continua","status":"publish","type":"page","link":"https:\/\/nutricion.uas.edu.mx\/index.php\/educacion-continua\/","title":{"rendered":"Educaci\u00f3n Continua"},"content":{"rendered":"\n<p><strong>EDUCACI\u00d3N CONTINUA<\/strong><\/p>\n\n\n\n<p>El departamento de Educaci\u00f3n Continua est\u00e1 dirigido a mejorar la actualizaci\u00f3n en el conocimiento disciplinar as\u00ed como en el desempe\u00f1o profesional de docentes y estudiantes para que cubran las competencias durante el proceso de ense\u00f1anza-aprendizaje<\/p>\n\n\n\n<p><strong>Objetivos espec\u00edficos<\/strong><\/p>\n\n\n\n<ul><li>Promover la organizaci\u00f3n de eventos acad\u00e9micos tales como cursos, talleres cortos, cursos de actualizaci\u00f3n y\/o diplomados.<\/li><li>Coordinar la organizaci\u00f3n de eventos para la capacitaci\u00f3n y actualizaci\u00f3n del personal acad\u00e9mico de la Facultad<\/li><li>Dar seguimiento a las certificaciones internacionales ofertadas por la Universidad<\/li><\/ul>\n\n\n\n<p><strong>Oferta Acad\u00e9mica (Diplomados)<\/strong><\/p>\n\n\n\n<ul><li>Gastronom\u00eda para Alimentos Especializados (ofertado para egresados de las licenciaturas en Nutrici\u00f3n y Gastronom\u00eda)<\/li><li>Servicios de Alimentaci\u00f3n Institucional y Empresarial (ofertado para egresados de las licenciaturas en Nutrici\u00f3n y Gastronom\u00eda)<\/li><li>En Gerontolog\u00eda (ofertado para egresados de la licenciatura en Nutrici\u00f3n)<\/li><li>Nutrici\u00f3n Pedi\u00e1trica (ofertado para egresados de la licenciatura en Nutrici\u00f3n)<\/li><li>Nutrici\u00f3n Deportiva (ofertado para egresados de la licenciatura en Nutrici\u00f3n)<\/li><\/ul>\n\n\n\n<p><strong><u>Responsable del departamento de Educaci\u00f3n Continua<\/u><\/strong>:<br>LN. Myriam Yamil\u00e9 Boj\u00f3rquez Ramos<br><strong>Correo:<\/strong> <a href=\"mailto:mbojorquez@uas.edu.mx\">mbojorquez@uas.edu.mx<\/a><\/p>\n","protected":false},"excerpt":{"rendered":"<p>EDUCACI\u00d3N CONTINUA El departamento de Educaci\u00f3n Continua est\u00e1 dirigido a mejorar la actualizaci\u00f3n en el conocimiento disciplinar as\u00ed como en el desempe\u00f1o profesional de docentes y estudiantes para que cubran las competencias durante el proceso de ense\u00f1anza-aprendizaje Objetivos espec\u00edficos Promover la organizaci\u00f3n de eventos acad\u00e9micos tales como cursos, talleres cortos, cursos de actualizaci\u00f3n y\/o diplomados. &hellip; <a href=\"https:\/\/nutricion.uas.edu.mx\/index.php\/educacion-continua\/\">Seguir leyendo <span class=\"meta-nav\">&rarr;<\/span><\/a><\/p>\n","protected":false},"author":1,"featured_media":0,"parent":0,"menu_order":0,"comment_status":"closed","ping_status":"closed","template":"","meta":[],"_links":{"self":[{"href":"https:\/\/nutricion.uas.edu.mx\/index.php\/wp-json\/wp\/v2\/pages\/459"}],"collection":[{"href":"https:\/\/nutricion.uas.edu.mx\/index.php\/wp-json\/wp\/v2\/pages"}],"about":[{"href":"https:\/\/nutricion.uas.edu.mx\/index.php\/wp-json\/wp\/v2\/types\/page"}],"author":[{"embeddable":true,"href":"https:\/\/nutricion.uas.edu.mx\/index.php\/wp-json\/wp\/v2\/users\/1"}],"replies":[{"embeddable":true,"href":"https:\/\/nutricion.uas.edu.mx\/index.php\/wp-json\/wp\/v2\/comments?post=459"}],"version-history":[{"count":1,"href":"https:\/\/nutricion.uas.edu.mx\/index.php\/wp-json\/wp\/v2\/pages\/459\/revisions"}],"predecessor-version":[{"id":460,"href":"https:\/\/nutricion.uas.edu.mx\/index.php\/wp-json\/wp\/v2\/pages\/459\/revisions\/460"}],"wp:attachment":[{"href":"https:\/\/nutricion.uas.edu.mx\/index.php\/wp-json\/wp\/v2\/media?parent=459"}],"curies":[{"name":"wp","href":"https:\/\/api.w.org\/{rel}","templated":true}]}}