{"id":532,"date":"2022-05-31T23:25:23","date_gmt":"2022-05-31T23:25:23","guid":{"rendered":"https:\/\/nutricion.uas.edu.mx\/?page_id=532"},"modified":"2022-05-31T23:28:24","modified_gmt":"2022-05-31T23:28:24","slug":"objetivos-y-propositos","status":"publish","type":"page","link":"https:\/\/nutricion.uas.edu.mx\/index.php\/objetivos-y-propositos\/","title":{"rendered":"Objetivos y Prop\u00f3sitos"},"content":{"rendered":"\n<p><strong>OBJETIVO:<\/strong><\/p>\n\n\n\n<p>Formar profesionistas de la Nutrici\u00f3n de excelencia con un s\u00f3lido sentido de responsabilidad social y poseedores de las competencias necesarias que le permitan desempe\u00f1arse a nivel estatal, nacional e internacional en sus distintas \u00e1reas ocupacionales, ser l\u00edder y participar, con base en un marco \u00e9tico y cient\u00edfico, en la toma de decisiones que impacten positivamente en la situaci\u00f3n de salud, nutricional y alimentaria de la sociedad.<\/p>\n\n\n\n<p><strong>PROP\u00d3SITOS:<\/strong><\/p>\n\n\n\n<p>Entregar a la sociedad profesionistas de la Nutrici\u00f3n que:<\/p>\n\n\n\n<ul><li>Ejerzan su quehacer profesional con base en evidencia cient\u00edfica actualizada y debidamente fundamentada.<\/li><li>Conozcan y apliquen la legislaci\u00f3n y normatividad vigente que rigen su ejercicio profesional y act\u00fae conforme a los principios \u00e9ticos establecidos en el \u00e1mbito laboral que se desempe\u00f1e.<\/li><li>Se integren y trabajen en equipos uni, multi e interdisciplinarios que respondan a las necesidades alimentarias y nutricionales de individuos o grupos poblacionales desde una perspectiva integral.<\/li><li>Implementen con eficacia estrategias preventivas y de intervenci\u00f3n nutricional, a individuos sanos en diferentes etapas de la vida y a individuos con patolog\u00edas que contribuyan en la pr\u00e1ctica de estilos de vida saludables y coadyuben en el mejoramiento de la salud y calidad de vida de la poblaci\u00f3n.<\/li><li>Participen en el dise\u00f1o e implementaci\u00f3n de programas y pol\u00edticas alimentarias y nutricionales que atiendan la problem\u00e1tica vigente en ese rubro.<\/li><li>Promuevan la investigaci\u00f3n, la innovaci\u00f3n, la producci\u00f3n y divulgaci\u00f3n de textos cient\u00edficos haciendo uso responsable y eficiente de las tecnolog\u00edas disponibles.<\/li><\/ul>\n","protected":false},"excerpt":{"rendered":"<p>OBJETIVO: Formar profesionistas de la Nutrici\u00f3n de excelencia con un s\u00f3lido sentido de responsabilidad social y poseedores de las competencias necesarias que le permitan desempe\u00f1arse a nivel estatal, nacional e internacional en sus distintas \u00e1reas ocupacionales, ser l\u00edder y participar, con base en un marco \u00e9tico y cient\u00edfico, en la toma de decisiones que impacten &hellip; <a href=\"https:\/\/nutricion.uas.edu.mx\/index.php\/objetivos-y-propositos\/\">Seguir leyendo <span class=\"meta-nav\">&rarr;<\/span><\/a><\/p>\n","protected":false},"author":1,"featured_media":0,"parent":0,"menu_order":0,"comment_status":"closed","ping_status":"closed","template":"","meta":[],"_links":{"self":[{"href":"https:\/\/nutricion.uas.edu.mx\/index.php\/wp-json\/wp\/v2\/pages\/532"}],"collection":[{"href":"https:\/\/nutricion.uas.edu.mx\/index.php\/wp-json\/wp\/v2\/pages"}],"about":[{"href":"https:\/\/nutricion.uas.edu.mx\/index.php\/wp-json\/wp\/v2\/types\/page"}],"author":[{"embeddable":true,"href":"https:\/\/nutricion.uas.edu.mx\/index.php\/wp-json\/wp\/v2\/users\/1"}],"replies":[{"embeddable":true,"href":"https:\/\/nutricion.uas.edu.mx\/index.php\/wp-json\/wp\/v2\/comments?post=532"}],"version-history":[{"count":3,"href":"https:\/\/nutricion.uas.edu.mx\/index.php\/wp-json\/wp\/v2\/pages\/532\/revisions"}],"predecessor-version":[{"id":537,"href":"https:\/\/nutricion.uas.edu.mx\/index.php\/wp-json\/wp\/v2\/pages\/532\/revisions\/537"}],"wp:attachment":[{"href":"https:\/\/nutricion.uas.edu.mx\/index.php\/wp-json\/wp\/v2\/media?parent=532"}],"curies":[{"name":"wp","href":"https:\/\/api.w.org\/{rel}","templated":true}]}}