{"id":55,"date":"2021-02-26T23:58:45","date_gmt":"2021-02-26T23:58:45","guid":{"rendered":"http:\/\/nutricion.uas.edu.mx\/?page_id=55"},"modified":"2022-06-01T20:46:19","modified_gmt":"2022-06-01T20:46:19","slug":"titulacion","status":"publish","type":"page","link":"https:\/\/nutricion.uas.edu.mx\/index.php\/titulacion\/","title":{"rendered":"Titulaci\u00f3n"},"content":{"rendered":"\n<p><strong>\u00bfQU\u00c9 ES LA TITULACI\u00d3N?<\/strong><\/p>\n\n\n\n<p>Es el proceso por el cual se elige una modalidad para culminar legalmente tus estudios, y es indispensable para tramitar tu T\u00edtulo y C\u00e9dula ante la Universidad Aut\u00f3noma de Sinaloa.<\/p>\n\n\n\n<p><strong>PROP\u00d3SITOS<\/strong><\/p>\n\n\n\n<ol type=\"1\"><li>Que el 100% de la matr\u00edcula de estudiantes que culminen sus estudios obtengan su t\u00edtulo universitario.<\/li><li>Establecer este proceso de titulaci\u00f3n en una obligaci\u00f3n del estudiante.<\/li><li>Contribuir a la sociedad con profesionistas ya titulados.<\/li><\/ol>\n\n\n\n<p><strong>REQUISITOS<\/strong><\/p>\n\n\n\n<ol type=\"1\"><li>Una vez completados los cr\u00e9ditos de la licenciatura, elegir una modalidad.<\/li><li>Enviar al correo de titulaci\u00f3n <a href=\"mailto:titulacionfcnyg@uas.edu.mx\">titulacionfcnyg@uas.edu.mx<\/a> los siguientes documentos<\/li><\/ol>\n\n\n\n<ol type=\"1\" start=\"2\"><li>&nbsp;1) <strong>solicitud formal<\/strong> de Registro de modalidad de titulaci\u00f3n (incluir hiperv\u00ednculo para descarga del formato)<\/li><li>2) <strong>documentos espec\u00edficos<\/strong> seg\u00fan modalidad, se\u00f1alados en el Instructivo de Titulaci\u00f3n. (incluir el hiperv\u00ednculo del tr\u00edptico de instructivo)<\/li><li>Esperar el dictamen que se dar\u00e1 por medio de una carta de la administraci\u00f3n.<\/li><\/ol>\n\n\n\n<p><strong>MODALIDADES DE TITULACI\u00d3N<\/strong><\/p>\n\n\n\n<p>Son varias las opciones y sus <strong>requisitos espec\u00edficos para realizar registro:<\/strong><\/p>\n\n\n\n<ul><li><strong>Promedio: <\/strong>promedio mayor de 9.0, comprobable al entregar kardex o copia de certificado.<\/li><li><strong>Diplomado: <\/strong>con un m\u00ednimo de 120 horas de duraci\u00f3n, que profundice en su \u00e1rea de conocimiento. Entregar programa de estudios.<\/li><li><strong>Memoria de Servicio Social con rigor Metodol\u00f3gico: <\/strong>protocolo del proyecto, <em>Curriculum vitae<\/em> del asesor con experiencia en el tema y m\u00e9todo cient\u00edfico con documentos probatorios.<\/li><li><strong>Tesis:<\/strong> protocolo de&nbsp; proyecto, <em>Curriculum vitae<\/em> del asesor con experiencia en el tema y m\u00e9todo cient\u00edfico con documentos probatorios.<\/li><li><strong>Examen General de Conocimientos Externo (EGEL): <\/strong>Constancia con calificaci\u00f3n global <strong>\u201cSatisfactoria\u201d<\/strong><\/li><\/ul>\n\n\n\n<p><strong>DOCUMENTOS COMPLEMENTARIOS DE ACUERDO A LA MODALIDAD DE TITULACI\u00d3N<\/strong><\/p>\n\n\n\n<p>Una vez aprobado su registro, entregar\u00e1 los siguientes documentos dependiendo su opci\u00f3n de titulaci\u00f3n para continuar el proceso.<\/p>\n\n\n\n<p><strong>PROMEDIO<\/strong><\/p>\n\n\n\n<ul><li>Certificado en digital<\/li><li>Constancia EGEL<\/li><li>Constancia TOEFL (400 puntos)<\/li><li>Carta liberaci\u00f3n Servicio Social<\/li><li>Constancia de culminaci\u00f3n de Cr\u00e9ditos de Libre Elecci\u00f3n<\/li><li>Foto ovalada tama\u00f1o credencial<\/li><\/ul>\n\n\n\n<p><strong>EGEL<\/strong><\/p>\n\n\n\n<ul><li>Constancia de EGEL (calificaci\u00f3n global <strong>\u201cSatisfactoria\u201d)<\/strong><\/li><li>Constancia TOEFL (400 puntos) original y copia<\/li><li>Carta liberaci\u00f3n Servicio Social<\/li><li>Constancia de culminaci\u00f3n de Cr\u00e9ditos de Libre Elecci\u00f3n<\/li><li>Foto ovalada tama\u00f1o credencial<\/li><\/ul>\n\n\n\n<p><strong>DIPLOMADO<\/strong><\/p>\n\n\n\n<ul><li>Diploma digital<\/li><li>Constancia EGEL<\/li><li>Constancia TOEFL (400 puntos)<\/li><li>Carta liberaci\u00f3n Servicio Social<\/li><li>Constancia de culminaci\u00f3n de Cr\u00e9ditos de Libre Elecci\u00f3n<\/li><li>Foto ovalada tama\u00f1o credencial<\/li><\/ul>\n\n\n\n<p><strong>MEMORIA CON RIGOR METODOL\u00d3GICO<\/strong><\/p>\n\n\n\n<ul><li>Carta de aprobaci\u00f3n<\/li><li>2 Copias de documento terminado<\/li><li>Solicitud de revisi\u00f3n con propuesta de lectores<\/li><li>Carta de aprobaci\u00f3n del director de memoria<\/li><\/ul>\n\n\n\n<p>Una vez valorada y revisada:<\/p>\n\n\n\n<ul><li>8 ejemplares del documento<\/li><li>Constancia EGEL<\/li><li>Constancia TOEFL (400 puntos)<\/li><li>Carta liberaci\u00f3n Servicio Social<\/li><li>Constancia de culminaci\u00f3n de Cr\u00e9ditos de Libre Elecci\u00f3n<\/li><li>Foto ovalada tama\u00f1o credencial<\/li><\/ul>\n\n\n\n<p><strong>TESIS<\/strong><\/p>\n\n\n\n<ul><li>Carta de aprobaci\u00f3n<\/li><li>2 Copias de documento terminado<\/li><li>Solicitud de revisi\u00f3n con propuesta de lectores<\/li><li>Carta de aprobaci\u00f3n del director de memoria<\/li><\/ul>\n\n\n\n<p>Una vez valorada y revisada:<\/p>\n\n\n\n<ul><li>8 ejemplares del documento<\/li><li>Solicitar fecha examen replica<\/li><\/ul>\n\n\n\n<p>Una vez defendida su tesis:<\/p>\n\n\n\n<ul><li>Acta de examen de grado<\/li><li>Constancia EGEL<\/li><li>Constancia TOEFL (400 puntos)<\/li><li>Carta liberaci\u00f3n Servicio Social<\/li><li>Constancia de culminaci\u00f3n de Cr\u00e9ditos de Libre Elecci\u00f3n<\/li><li>Foto ovalada tama\u00f1o credencial<\/li><\/ul>\n\n\n\n<p>NOTA: entregados estos documentos se emitir\u00e1 recibo de NO adeudo a laboratorio ($150) y libro egresados ($90 Control Escolar).<\/p>\n","protected":false},"excerpt":{"rendered":"<p>\u00bfQU\u00c9 ES LA TITULACI\u00d3N? Es el proceso por el cual se elige una modalidad para culminar legalmente tus estudios, y es indispensable para tramitar tu T\u00edtulo y C\u00e9dula ante la Universidad Aut\u00f3noma de Sinaloa. PROP\u00d3SITOS Que el 100% de la matr\u00edcula de estudiantes que culminen sus estudios obtengan su t\u00edtulo universitario. Establecer este proceso de &hellip; <a href=\"https:\/\/nutricion.uas.edu.mx\/index.php\/titulacion\/\">Seguir leyendo <span class=\"meta-nav\">&rarr;<\/span><\/a><\/p>\n","protected":false},"author":1,"featured_media":0,"parent":0,"menu_order":0,"comment_status":"closed","ping_status":"closed","template":"","meta":[],"_links":{"self":[{"href":"https:\/\/nutricion.uas.edu.mx\/index.php\/wp-json\/wp\/v2\/pages\/55"}],"collection":[{"href":"https:\/\/nutricion.uas.edu.mx\/index.php\/wp-json\/wp\/v2\/pages"}],"about":[{"href":"https:\/\/nutricion.uas.edu.mx\/index.php\/wp-json\/wp\/v2\/types\/page"}],"author":[{"embeddable":true,"href":"https:\/\/nutricion.uas.edu.mx\/index.php\/wp-json\/wp\/v2\/users\/1"}],"replies":[{"embeddable":true,"href":"https:\/\/nutricion.uas.edu.mx\/index.php\/wp-json\/wp\/v2\/comments?post=55"}],"version-history":[{"count":2,"href":"https:\/\/nutricion.uas.edu.mx\/index.php\/wp-json\/wp\/v2\/pages\/55\/revisions"}],"predecessor-version":[{"id":545,"href":"https:\/\/nutricion.uas.edu.mx\/index.php\/wp-json\/wp\/v2\/pages\/55\/revisions\/545"}],"wp:attachment":[{"href":"https:\/\/nutricion.uas.edu.mx\/index.php\/wp-json\/wp\/v2\/media?parent=55"}],"curies":[{"name":"wp","href":"https:\/\/api.w.org\/{rel}","templated":true}]}}